{"id":229915,"date":"2023-12-19T20:55:52","date_gmt":"2023-12-19T20:55:52","guid":{"rendered":"https:\/\/kublakanutdanning.no\/?page_id=229915"},"modified":"2024-01-14T12:44:01","modified_gmt":"2024-01-14T12:44:01","slug":"praktisk-informasjon","status":"publish","type":"page","link":"https:\/\/kublakanutdanning.no\/en\/praktisk-informasjon\/","title":{"rendered":"Praktisk informasjon"},"content":{"rendered":"<p>[et_pb_section fb_built=&raquo;1&#8243; _builder_version=&raquo;4.21.0&#8243; _module_preset=&raquo;default&raquo; background_color=&raquo;gcid-2cf889f7-a9ea-41c9-bfd9-e3ebfa9b7524&#8243; background_enable_image=&raquo;off&raquo; background_blend=&raquo;multiply&raquo; min_height=&raquo;506.4px&raquo; custom_margin=&raquo;0px||||false|false&raquo; custom_padding=&raquo;0px||||false|false&raquo; global_colors_info=&raquo;{%22gcid-2cf889f7-a9ea-41c9-bfd9-e3ebfa9b7524%22:%91%22background_color%22%93}&raquo;][et_pb_row _builder_version=&raquo;4.21.0&#8243; _module_preset=&raquo;default&raquo; background_enable_color=&raquo;off&raquo; width=&raquo;98.9%&raquo; custom_padding=&raquo;12px||||false|false&raquo; global_colors_info=&raquo;{%22gcid-2cf889f7-a9ea-41c9-bfd9-e3ebfa9b7524%22:%91%22background_color%22%93}&raquo;][et_pb_column type=&raquo;4_4&#8243; _builder_version=&raquo;4.21.0&#8243; _module_preset=&raquo;default&raquo; global_colors_info=&raquo;{}&raquo;][et_pb_text _builder_version=&raquo;4.21.0&#8243; _module_preset=&raquo;default&raquo; background_image=&raquo;https:\/\/kublakanutdanning.no\/wp-content\/uploads\/2023\/12\/Dovre_panorama-scaled.jpg&raquo; global_colors_info=&raquo;{}&raquo;]<\/p>\n<p>&nbsp;<\/p>\n<p>&nbsp;<\/p>\n<p>&nbsp;<\/p>\n<p>&nbsp;<\/p>\n<p>&nbsp;<\/p>\n<p>&nbsp;<\/p>\n<p>&nbsp;<\/p>\n<p>[\/et_pb_text][\/et_pb_column][\/et_pb_row][et_pb_row column_structure=&raquo;1_2,1_2&#8243; _builder_version=&raquo;4.21.0&#8243; _module_preset=&raquo;default&raquo; background_enable_color=&raquo;off&raquo; width=&raquo;98.9%&raquo; custom_padding=&raquo;|24px||24px|false|false&raquo; global_colors_info=&raquo;{%22gcid-2cf889f7-a9ea-41c9-bfd9-e3ebfa9b7524%22:%91%22background_color%22%93}&raquo;][et_pb_column type=&raquo;1_2&#8243; _builder_version=&raquo;4.21.0&#8243; _module_preset=&raquo;default&raquo; global_colors_info=&raquo;{}&raquo;][et_pb_toggle title=&raquo;Fagets oppbygning&raquo; open_toggle_text_color=&raquo;gcid-9ce2797a-2df5-4064-8e66-8e5091d69d4e&raquo; closed_toggle_text_color=&raquo;gcid-9ce2797a-2df5-4064-8e66-8e5091d69d4e&raquo; icon_color=&raquo;gcid-3172fc80-729e-4d37-88eb-519069b474ca&raquo; toggle_icon=&raquo;&#x3b;||divi||400&#8243; open_icon_color=&raquo;gcid-3172fc80-729e-4d37-88eb-519069b474ca&raquo; open_toggle_icon=&raquo;&#x3a;||divi||400&#8243; _builder_version=&raquo;4.21.0&#8243; _module_preset=&raquo;default&raquo; title_text_color=&raquo;gcid-9ce2797a-2df5-4064-8e66-8e5091d69d4e&raquo; title_level=&raquo;h2&#8243; title_text_align=&raquo;center&raquo; background_color=&raquo;#FFFFFF&raquo; text_orientation=&raquo;left&raquo; min_height=&raquo;82px&raquo; custom_padding=&raquo;12px|12px|12px|12px|false|false&raquo; border_radii=&raquo;on|8px|8px|8px|8px&raquo; border_width_all=&raquo;2px&raquo; border_color_all=&raquo;gcid-9ce2797a-2df5-4064-8e66-8e5091d69d4e&raquo; global_colors_info=&raquo;{%22gcid-9ce2797a-2df5-4064-8e66-8e5091d69d4e%22:%91%22open_toggle_text_color%22,%22title_text_color%22,%22closed_toggle_text_color%22,%22border_color_all%22%93,%22gcid-3172fc80-729e-4d37-88eb-519069b474ca%22:%91%22icon_color%22,%22open_icon_color%22%93}&raquo; title_text_color__hover_enabled=&raquo;on|desktop&raquo; title_text_color__hover=&raquo;#000000&#8243;]<\/p>\n<h2 data-pm-slice=\"1 1 [&quot;ul&quot;,{&quot;style&quot;:null,&quot;backgroundColor&quot;:null,&quot;color&quot;:null,&quot;lineHeight&quot;:null,&quot;listStyleType&quot;:null},&quot;ul&quot;,{&quot;style&quot;:null,&quot;backgroundColor&quot;:null,&quot;color&quot;:null,&quot;lineHeight&quot;:null,&quot;listStyleType&quot;:null},&quot;li&quot;,{&quot;style&quot;:null,&quot;checked&quot;:null,&quot;value&quot;:null,&quot;displayValue&quot;:null,&quot;backgroundColor&quot;:null,&quot;color&quot;:null,&quot;listStyleType&quot;:null}]\" data-en-clipboard=\"true\"><span style=\"font-size: 16px;\">Norsk er et stort fag, men enkelt sagt kan faget kokes ned til 6 ting vi skal kunne:<\/span><\/h2>\n<div data-pm-slice=\"1 1 [&quot;ul&quot;,{&quot;style&quot;:null,&quot;backgroundColor&quot;:null,&quot;color&quot;:null,&quot;lineHeight&quot;:null,&quot;listStyleType&quot;:null},&quot;ul&quot;,{&quot;style&quot;:null,&quot;backgroundColor&quot;:null,&quot;color&quot;:null,&quot;lineHeight&quot;:null,&quot;listStyleType&quot;:null},&quot;li&quot;,{&quot;style&quot;:null,&quot;checked&quot;:null,&quot;value&quot;:null,&quot;displayValue&quot;:null,&quot;backgroundColor&quot;:null,&quot;color&quot;:null,&quot;listStyleType&quot;:null}]\" data-en-clipboard=\"true\">\n<ol>\n<li><strong>Grunnferdigheter<\/strong>\n<ul>\n<li>Virkemidler, retorikk, tolke noveller og dikt, skrive tekster, og nynorsk som sidem\u00e5l. Dette er grunnferdigheter man trenger i faget, og det er viktig \u00e5 jobbe skikkelig godt med dette.<\/li>\n<\/ul>\n<\/li>\n<li><strong>Norr\u00f8n litteratur<\/strong>\n<ul>\n<li>Du skal lese <strong>tekster fra 1200-tallet<\/strong>, og du skal kunne sammenligne dem med tekster fra v\u00e5r egen tid.<\/li>\n<\/ul>\n<\/li>\n<li><strong>Litteratur fra 1500-1850<\/strong>\n<ul>\n<li>Du skal lese tekster fra <strong>renessansen<\/strong> p\u00e5 1500-tallet, <strong>barokken<\/strong> p\u00e5 1600-tallet, <strong>klassisismen og opplysningstiden<\/strong> p\u00e5 1700-tallet, og <strong>romantikk og nasjonalromantikk<\/strong> i 1800-tallets f\u00f8rste halvdel. De tekstene du leser skal du kunne sette i sammenheng med tiden de ble skrevet i, og du skal reflektere (tenke grundig) over om disse tekstene er relevante i dag.<\/li>\n<\/ul>\n<\/li>\n<li><strong>Kulturm\u00f8ter og samers spr\u00e5klige rettigheter<\/strong>\n<ul>\n<li>Du skal kunne lese tekster som tar opp problematikk som oppst\u00e5r <strong>n\u00e5r ulike kulturer m\u00f8tes<\/strong>. Du skal ogs\u00e5 kunne noe om <strong>samenes<\/strong> spr\u00e5klige rettigheter i Norge i dag, og om fornorskningspolitikken som ble f\u00f8rt mot samene p\u00e5 18- og 1900-tallet.<\/li>\n<\/ul>\n<\/li>\n<li><strong>Den realistiske og den modernistiske tradisjonen.<\/strong>\n<ul>\n<li>Du skal lese tekster fra 1850 til i dag, fra ulike epoker: <strong>realisme og naturalisme<\/strong> og <strong>nyrealisme<\/strong> p\u00e5 starten av 1900-tallet. Du skal lese forskjellige <strong>modernistiske tekster<\/strong>, og ogs\u00e5 <strong>tekster fra v\u00e5r egen tid<\/strong>.<\/li>\n<\/ul>\n<\/li>\n<li><strong>Spr\u00e5khistorie, talespr\u00e5k og spr\u00e5kendring.<\/strong>\n<ul>\n<li>Du skal kunne forklare <strong>hvordan det norske spr\u00e5ket har utviklet seg de siste 200 \u00e5rene<\/strong>. I tillegg skal du kunne snakke om ulike <strong>talespr\u00e5k i Norge i dag<\/strong>, om hvordan det norske spr\u00e5ket utvikler seg, og om sammenhengen mellom spr\u00e5k, kultur og identitet. En siste ting du skal kunne er \u00e5 <strong>sammenligne norsk med norr\u00f8nt, svensk og dansk<\/strong>, og si noe om hvordan norsk skiller seg fra andre spr\u00e5k i verden.<\/li>\n<\/ul>\n<\/li>\n<\/ol>\n<\/div>\n<p>[\/et_pb_toggle][\/et_pb_column][et_pb_column type=&raquo;1_2&#8243; _builder_version=&raquo;4.21.0&#8243; _module_preset=&raquo;default&raquo; global_colors_info=&raquo;{}&raquo;][et_pb_toggle title=&raquo;L\u00e6reb\u00f8ker og tekster&raquo; open_toggle_text_color=&raquo;gcid-9ce2797a-2df5-4064-8e66-8e5091d69d4e&raquo; closed_toggle_text_color=&raquo;gcid-9ce2797a-2df5-4064-8e66-8e5091d69d4e&raquo; icon_color=&raquo;gcid-3172fc80-729e-4d37-88eb-519069b474ca&raquo; toggle_icon=&raquo;&#x3b;||divi||400&#8243; open_icon_color=&raquo;gcid-3172fc80-729e-4d37-88eb-519069b474ca&raquo; open_toggle_icon=&raquo;&#x3a;||divi||400&#8243; _builder_version=&raquo;4.21.0&#8243; _module_preset=&raquo;default&raquo; title_text_color=&raquo;gcid-9ce2797a-2df5-4064-8e66-8e5091d69d4e&raquo; title_level=&raquo;h2&#8243; title_text_align=&raquo;center&raquo; background_color=&raquo;#FFFFFF&raquo; min_height=&raquo;82px&raquo; custom_padding=&raquo;12px|12px|12px|12px|false|false&raquo; border_radii=&raquo;on|8px|8px|8px|8px&raquo; border_width_all=&raquo;2px&raquo; border_color_all=&raquo;#007691&#8243; global_colors_info=&raquo;{%22gcid-9ce2797a-2df5-4064-8e66-8e5091d69d4e%22:%91%22open_toggle_text_color%22,%22title_text_color%22,%22closed_toggle_text_color%22%93,%22gcid-3172fc80-729e-4d37-88eb-519069b474ca%22:%91%22icon_color%22,%22open_icon_color%22%93}&raquo;]<\/p>\n<p data-pm-slice=\"1 1 [&quot;ul&quot;,{&quot;style&quot;:null,&quot;backgroundColor&quot;:null,&quot;color&quot;:null,&quot;lineHeight&quot;:null,&quot;listStyleType&quot;:null},&quot;ul&quot;,{&quot;style&quot;:null,&quot;backgroundColor&quot;:null,&quot;color&quot;:null,&quot;lineHeight&quot;:null,&quot;listStyleType&quot;:null},&quot;li&quot;,{&quot;style&quot;:null,&quot;checked&quot;:null,&quot;value&quot;:null,&quot;displayValue&quot;:null,&quot;backgroundColor&quot;:null,&quot;color&quot;:null,&quot;listStyleType&quot;:null}]\" data-en-clipboard=\"true\"><span style=\"font-size: 16px;\">Som l\u00e6rebok i faget bruker vi videol\u00e6reboken til KublaKan, som <\/span><span style=\"font-size: 16px;\">best\u00e5r av b\u00e5de tekster og mer enn 50 timer med video (dette er ikke noe du trenger \u00e5 se, men ressurser som kan v\u00e6re nyttige).<\/span><\/p>\n<p data-pm-slice=\"1 1 [&quot;ul&quot;,{&quot;style&quot;:null,&quot;backgroundColor&quot;:null,&quot;color&quot;:null,&quot;lineHeight&quot;:null,&quot;listStyleType&quot;:null},&quot;ul&quot;,{&quot;style&quot;:null,&quot;backgroundColor&quot;:null,&quot;color&quot;:null,&quot;lineHeight&quot;:null,&quot;listStyleType&quot;:null},&quot;li&quot;,{&quot;style&quot;:null,&quot;checked&quot;:null,&quot;value&quot;:null,&quot;displayValue&quot;:null,&quot;backgroundColor&quot;:null,&quot;color&quot;:null,&quot;listStyleType&quot;:null}]\" data-en-clipboard=\"true\"><span style=\"font-size: 16px;\">Du finner stoffet p\u00e5 <a href=\"http:\/\/www.kublakan.no,\">www.kublakan.no,<\/a> og av og til lenker jeg ogs\u00e5 til ting fra videol\u00e6reboken inne i selve kurset v\u00e5rt.<\/span><\/p>\n<div data-pm-slice=\"1 1 [&quot;ul&quot;,{&quot;style&quot;:null,&quot;backgroundColor&quot;:null,&quot;color&quot;:null,&quot;lineHeight&quot;:null,&quot;listStyleType&quot;:null},&quot;ul&quot;,{&quot;style&quot;:null,&quot;backgroundColor&quot;:null,&quot;color&quot;:null,&quot;lineHeight&quot;:null,&quot;listStyleType&quot;:null},&quot;li&quot;,{&quot;style&quot;:null,&quot;checked&quot;:null,&quot;value&quot;:null,&quot;displayValue&quot;:null,&quot;backgroundColor&quot;:null,&quot;color&quot;:null,&quot;listStyleType&quot;:null}]\" data-en-clipboard=\"true\">\n<p>&nbsp;<\/p>\n<p>Alt annet dere trenger, for eksempel tekster vi skal jobbe med, vil dere f\u00e5 utdelt av meg i l\u00f8pet av kurset. Hvis vi har om norr\u00f8n litteratur, vil du for eksempel finne b\u00e5de et <strong>teksthefte<\/strong> med norr\u00f8ne tekster \u00e5 lese, inne p\u00e5 selve kurssiden. Vi har ogs\u00e5 <strong>studiehefter<\/strong> til de ulike emnene innen spr\u00e5k og litteratur. Disse kan lastes ned og tas med p\u00e5 eksamen, men hvis du ser videoforelesningene i dette kurset hver uke, trenger du ikke \u00e5 lese studiehefter i tillegg. De er et tilbud til de som liker \u00e5 lese.<\/p>\n<\/div>\n<p>[\/et_pb_toggle][\/et_pb_column][\/et_pb_row][\/et_pb_section]<\/p>\n","protected":false},"excerpt":{"rendered":"<p>&nbsp; &nbsp; &nbsp; &nbsp; &nbsp; &nbsp; &nbsp;Norsk er et stort fag, men enkelt sagt kan faget kokes ned til 6 ting vi skal kunne: Grunnferdigheter Virkemidler, retorikk, tolke noveller og dikt, skrive tekster, og nynorsk som sidem\u00e5l. Dette er grunnferdigheter man trenger i faget, og det er viktig \u00e5 jobbe skikkelig godt med dette. Norr\u00f8n [&hellip;]<\/p>\n","protected":false},"author":9,"featured_media":0,"parent":0,"menu_order":0,"comment_status":"closed","ping_status":"closed","template":"","meta":{"_et_pb_use_builder":"on","_et_pb_old_content":"","_et_gb_content_width":"","footnotes":""},"class_list":["post-229915","page","type-page","status-publish","hentry"],"yoast_head":"<!-- This site is optimized with the Yoast SEO Premium plugin v27.3 (Yoast SEO v27.3) - https:\/\/yoast.com\/product\/yoast-seo-premium-wordpress\/ -->\n<title>Praktisk informasjon - KublaKan Utdanning<\/title>\n<meta name=\"robots\" content=\"index, follow, max-snippet:-1, max-image-preview:large, max-video-preview:-1\" \/>\n<link rel=\"canonical\" href=\"https:\/\/kublakanutdanning.no\/en\/praktisk-informasjon\/\" \/>\n<meta property=\"og:locale\" content=\"en_US\" \/>\n<meta property=\"og:type\" content=\"article\" \/>\n<meta property=\"og:title\" content=\"Praktisk informasjon\" \/>\n<meta property=\"og:description\" content=\"&nbsp; &nbsp; &nbsp; &nbsp; &nbsp; &nbsp; &nbsp;Norsk er et stort fag, men enkelt sagt kan faget kokes ned til 6 ting vi skal kunne: Grunnferdigheter Virkemidler, retorikk, tolke noveller og dikt, skrive tekster, og nynorsk som sidem\u00e5l. Dette er grunnferdigheter man trenger i faget, og det er viktig \u00e5 jobbe skikkelig godt med dette. Norr\u00f8n [&hellip;]\" \/>\n<meta property=\"og:url\" content=\"https:\/\/kublakanutdanning.no\/en\/praktisk-informasjon\/\" \/>\n<meta property=\"og:site_name\" content=\"KublaKan Utdanning\" \/>\n<meta property=\"article:publisher\" content=\"https:\/\/www.facebook.com\/KublaKanUtdanning\/\" \/>\n<meta property=\"article:modified_time\" content=\"2024-01-14T12:44:01+00:00\" \/>\n<meta name=\"twitter:card\" content=\"summary_large_image\" \/>\n<meta name=\"twitter:label1\" content=\"Est. reading time\" \/>\n\t<meta name=\"twitter:data1\" content=\"3 minutes\" \/>\n<script type=\"application\/ld+json\" class=\"yoast-schema-graph\">{\"@context\":\"https:\\\/\\\/schema.org\",\"@graph\":[{\"@type\":\"WebPage\",\"@id\":\"https:\\\/\\\/kublakanutdanning.no\\\/praktisk-informasjon\\\/\",\"url\":\"https:\\\/\\\/kublakanutdanning.no\\\/praktisk-informasjon\\\/\",\"name\":\"Praktisk informasjon - KublaKan Utdanning\",\"isPartOf\":{\"@id\":\"\\\/#website\"},\"datePublished\":\"2023-12-19T20:55:52+00:00\",\"dateModified\":\"2024-01-14T12:44:01+00:00\",\"breadcrumb\":{\"@id\":\"https:\\\/\\\/kublakanutdanning.no\\\/praktisk-informasjon\\\/#breadcrumb\"},\"inLanguage\":\"en-US\",\"potentialAction\":[{\"@type\":\"ReadAction\",\"target\":[\"https:\\\/\\\/kublakanutdanning.no\\\/praktisk-informasjon\\\/\"]}]},{\"@type\":\"BreadcrumbList\",\"@id\":\"https:\\\/\\\/kublakanutdanning.no\\\/praktisk-informasjon\\\/#breadcrumb\",\"itemListElement\":[{\"@type\":\"ListItem\",\"position\":1,\"name\":\"Home\",\"item\":\"https:\\\/\\\/kublakanutdanning.no\\\/\"},{\"@type\":\"ListItem\",\"position\":2,\"name\":\"Praktisk informasjon\"}]},{\"@type\":\"WebSite\",\"@id\":\"\\\/#website\",\"url\":\"\\\/\",\"name\":\"KublaKan Utdanning\",\"description\":\"Nettundervisning for elever og privatister\",\"potentialAction\":[{\"@type\":\"SearchAction\",\"target\":{\"@type\":\"EntryPoint\",\"urlTemplate\":\"\\\/?s={search_term_string}\"},\"query-input\":{\"@type\":\"PropertyValueSpecification\",\"valueRequired\":true,\"valueName\":\"search_term_string\"}}],\"inLanguage\":\"en-US\"}]}<\/script>\n<!-- \/ Yoast SEO Premium plugin. -->","yoast_head_json":{"title":"Praktisk informasjon - KublaKan Utdanning","robots":{"index":"index","follow":"follow","max-snippet":"max-snippet:-1","max-image-preview":"max-image-preview:large","max-video-preview":"max-video-preview:-1"},"canonical":"https:\/\/kublakanutdanning.no\/en\/praktisk-informasjon\/","og_locale":"en_US","og_type":"article","og_title":"Praktisk informasjon","og_description":"&nbsp; &nbsp; &nbsp; &nbsp; &nbsp; &nbsp; &nbsp;Norsk er et stort fag, men enkelt sagt kan faget kokes ned til 6 ting vi skal kunne: Grunnferdigheter Virkemidler, retorikk, tolke noveller og dikt, skrive tekster, og nynorsk som sidem\u00e5l. Dette er grunnferdigheter man trenger i faget, og det er viktig \u00e5 jobbe skikkelig godt med dette. Norr\u00f8n [&hellip;]","og_url":"https:\/\/kublakanutdanning.no\/en\/praktisk-informasjon\/","og_site_name":"KublaKan Utdanning","article_publisher":"https:\/\/www.facebook.com\/KublaKanUtdanning\/","article_modified_time":"2024-01-14T12:44:01+00:00","twitter_card":"summary_large_image","twitter_misc":{"Est. reading time":"3 minutes"},"schema":{"@context":"https:\/\/schema.org","@graph":[{"@type":"WebPage","@id":"https:\/\/kublakanutdanning.no\/praktisk-informasjon\/","url":"https:\/\/kublakanutdanning.no\/praktisk-informasjon\/","name":"Praktisk informasjon - KublaKan Utdanning","isPartOf":{"@id":"\/#website"},"datePublished":"2023-12-19T20:55:52+00:00","dateModified":"2024-01-14T12:44:01+00:00","breadcrumb":{"@id":"https:\/\/kublakanutdanning.no\/praktisk-informasjon\/#breadcrumb"},"inLanguage":"en-US","potentialAction":[{"@type":"ReadAction","target":["https:\/\/kublakanutdanning.no\/praktisk-informasjon\/"]}]},{"@type":"BreadcrumbList","@id":"https:\/\/kublakanutdanning.no\/praktisk-informasjon\/#breadcrumb","itemListElement":[{"@type":"ListItem","position":1,"name":"Home","item":"https:\/\/kublakanutdanning.no\/"},{"@type":"ListItem","position":2,"name":"Praktisk informasjon"}]},{"@type":"WebSite","@id":"\/#website","url":"\/","name":"KublaKan Utdanning","description":"Nettundervisning for elever og privatister","potentialAction":[{"@type":"SearchAction","target":{"@type":"EntryPoint","urlTemplate":"\/?s={search_term_string}"},"query-input":{"@type":"PropertyValueSpecification","valueRequired":true,"valueName":"search_term_string"}}],"inLanguage":"en-US"}]}},"_links":{"self":[{"href":"https:\/\/kublakanutdanning.no\/en\/wp-json\/wp\/v2\/pages\/229915","targetHints":{"allow":["GET"]}}],"collection":[{"href":"https:\/\/kublakanutdanning.no\/en\/wp-json\/wp\/v2\/pages"}],"about":[{"href":"https:\/\/kublakanutdanning.no\/en\/wp-json\/wp\/v2\/types\/page"}],"author":[{"embeddable":true,"href":"https:\/\/kublakanutdanning.no\/en\/wp-json\/wp\/v2\/users\/9"}],"replies":[{"embeddable":true,"href":"https:\/\/kublakanutdanning.no\/en\/wp-json\/wp\/v2\/comments?post=229915"}],"version-history":[{"count":3,"href":"https:\/\/kublakanutdanning.no\/en\/wp-json\/wp\/v2\/pages\/229915\/revisions"}],"predecessor-version":[{"id":231099,"href":"https:\/\/kublakanutdanning.no\/en\/wp-json\/wp\/v2\/pages\/229915\/revisions\/231099"}],"wp:attachment":[{"href":"https:\/\/kublakanutdanning.no\/en\/wp-json\/wp\/v2\/media?parent=229915"}],"curies":[{"name":"wp","href":"https:\/\/api.w.org\/{rel}","templated":true}]}}