{"id":229919,"date":"2023-12-19T20:58:08","date_gmt":"2023-12-19T20:58:08","guid":{"rendered":"https:\/\/kublakanutdanning.no\/?page_id=229919"},"modified":"2025-06-03T07:31:34","modified_gmt":"2025-06-03T07:31:34","slug":"muntlig-eksamen","status":"publish","type":"page","link":"https:\/\/kublakanutdanning.no\/en\/muntlig-eksamen\/","title":{"rendered":"Muntlig eksamen"},"content":{"rendered":"<div class=\"learndash-wrapper\">\n\t<div\n\t\tclass=\"ld-alert ld-alert-warning\"\n\t\t\t\t\trole=\"status\"\n\t\t\t>\n\t\t<div class=\"ld-alert-content\">\n\n\t\t\t\t\t\t\t<div aria-hidden=\"true\" class=\"ld-alert-icon ld-icon ld-icon-alert\">\n\t\t\t\t\t\t\t\t\t<\/div>\n\t\t\t\t\t\t\t<div class=\"ld-alert-messages\">\n\t\t\tFor \u00e5 se dette innholdet m\u00e5 du v\u00e6re elev p\u00e5 KublaKan Utdanning.\t\t\t<\/div>\n\t\t\t\t\t<\/div>\n\n\t\t\t<\/div>\n\n\t<\/div>","protected":false},"excerpt":{"rendered":"<p>&nbsp; &nbsp; &nbsp; &nbsp; &nbsp; &nbsp; Hvordan muntlig eksamen foreg\u00e5r (Oslo som eksempel) Ting \u00e5 tenke p\u00e5 n\u00e5r man har muntlig eksamen\u00a0 Her er en liste med lenker til kort sagt-videoer p\u00e5 videol\u00e6rboken. Hver video g\u00e5r gjennom det viktiste \u00e5 kunne om hvert tema, p\u00e5 under 15 min. Synes du norskfaget er stort, og du [&hellip;]<\/p>\n","protected":false},"author":9,"featured_media":0,"parent":0,"menu_order":0,"comment_status":"closed","ping_status":"closed","template":"","meta":{"_et_pb_use_builder":"on","_et_pb_old_content":"","_et_gb_content_width":"","footnotes":""},"class_list":["post-229919","page","type-page","status-publish","hentry"],"yoast_head":"<!-- This site is optimized with the Yoast SEO Premium plugin v27.5 (Yoast SEO v27.5) - https:\/\/yoast.com\/product\/yoast-seo-premium-wordpress\/ -->\n<title>Muntlig eksamen - KublaKan Utdanning<\/title>\n<meta name=\"robots\" content=\"index, follow, max-snippet:-1, max-image-preview:large, max-video-preview:-1\" \/>\n<link rel=\"canonical\" href=\"https:\/\/kublakanutdanning.no\/en\/muntlig-eksamen\/\" \/>\n<meta property=\"og:locale\" content=\"en_US\" \/>\n<meta property=\"og:type\" content=\"article\" \/>\n<meta property=\"og:title\" content=\"Muntlig eksamen\" \/>\n<meta property=\"og:description\" content=\"&nbsp; &nbsp; &nbsp; &nbsp; &nbsp; &nbsp; Hvordan muntlig eksamen foreg\u00e5r (Oslo som eksempel) Ting \u00e5 tenke p\u00e5 n\u00e5r man har muntlig eksamen\u00a0 Her er en liste med lenker til kort sagt-videoer p\u00e5 videol\u00e6rboken. Hver video g\u00e5r gjennom det viktiste \u00e5 kunne om hvert tema, p\u00e5 under 15 min. Synes du norskfaget er stort, og du [&hellip;]\" \/>\n<meta property=\"og:url\" content=\"https:\/\/kublakanutdanning.no\/en\/muntlig-eksamen\/\" \/>\n<meta property=\"og:site_name\" content=\"KublaKan Utdanning\" \/>\n<meta property=\"article:publisher\" content=\"https:\/\/www.facebook.com\/KublaKanUtdanning\/\" \/>\n<meta property=\"article:modified_time\" content=\"2025-06-03T07:31:34+00:00\" \/>\n<meta name=\"twitter:card\" content=\"summary_large_image\" \/>\n<meta name=\"twitter:label1\" content=\"Est. reading time\" \/>\n\t<meta name=\"twitter:data1\" content=\"7 minutes\" \/>\n<script type=\"application\/ld+json\" class=\"yoast-schema-graph\">{\"@context\":\"https:\\\/\\\/schema.org\",\"@graph\":[{\"@type\":\"WebPage\",\"@id\":\"https:\\\/\\\/kublakanutdanning.no\\\/muntlig-eksamen\\\/\",\"url\":\"https:\\\/\\\/kublakanutdanning.no\\\/muntlig-eksamen\\\/\",\"name\":\"Muntlig eksamen - KublaKan Utdanning\",\"isPartOf\":{\"@id\":\"\\\/#website\"},\"datePublished\":\"2023-12-19T20:58:08+00:00\",\"dateModified\":\"2025-06-03T07:31:34+00:00\",\"breadcrumb\":{\"@id\":\"https:\\\/\\\/kublakanutdanning.no\\\/muntlig-eksamen\\\/#breadcrumb\"},\"inLanguage\":\"en-US\",\"potentialAction\":[{\"@type\":\"ReadAction\",\"target\":[\"https:\\\/\\\/kublakanutdanning.no\\\/muntlig-eksamen\\\/\"]}]},{\"@type\":\"BreadcrumbList\",\"@id\":\"https:\\\/\\\/kublakanutdanning.no\\\/muntlig-eksamen\\\/#breadcrumb\",\"itemListElement\":[{\"@type\":\"ListItem\",\"position\":1,\"name\":\"Home\",\"item\":\"https:\\\/\\\/kublakanutdanning.no\\\/\"},{\"@type\":\"ListItem\",\"position\":2,\"name\":\"Muntlig eksamen\"}]},{\"@type\":\"WebSite\",\"@id\":\"\\\/#website\",\"url\":\"\\\/\",\"name\":\"KublaKan Utdanning\",\"description\":\"Nettundervisning for elever og privatister\",\"potentialAction\":[{\"@type\":\"SearchAction\",\"target\":{\"@type\":\"EntryPoint\",\"urlTemplate\":\"\\\/?s={search_term_string}\"},\"query-input\":{\"@type\":\"PropertyValueSpecification\",\"valueRequired\":true,\"valueName\":\"search_term_string\"}}],\"inLanguage\":\"en-US\"}]}<\/script>\n<!-- \/ Yoast SEO Premium plugin. -->","yoast_head_json":{"title":"Muntlig eksamen - KublaKan Utdanning","robots":{"index":"index","follow":"follow","max-snippet":"max-snippet:-1","max-image-preview":"max-image-preview:large","max-video-preview":"max-video-preview:-1"},"canonical":"https:\/\/kublakanutdanning.no\/en\/muntlig-eksamen\/","og_locale":"en_US","og_type":"article","og_title":"Muntlig eksamen","og_description":"&nbsp; &nbsp; &nbsp; &nbsp; &nbsp; &nbsp; Hvordan muntlig eksamen foreg\u00e5r (Oslo som eksempel) Ting \u00e5 tenke p\u00e5 n\u00e5r man har muntlig eksamen\u00a0 Her er en liste med lenker til kort sagt-videoer p\u00e5 videol\u00e6rboken. Hver video g\u00e5r gjennom det viktiste \u00e5 kunne om hvert tema, p\u00e5 under 15 min. Synes du norskfaget er stort, og du [&hellip;]","og_url":"https:\/\/kublakanutdanning.no\/en\/muntlig-eksamen\/","og_site_name":"KublaKan Utdanning","article_publisher":"https:\/\/www.facebook.com\/KublaKanUtdanning\/","article_modified_time":"2025-06-03T07:31:34+00:00","twitter_card":"summary_large_image","twitter_misc":{"Est. reading time":"7 minutes"},"schema":{"@context":"https:\/\/schema.org","@graph":[{"@type":"WebPage","@id":"https:\/\/kublakanutdanning.no\/muntlig-eksamen\/","url":"https:\/\/kublakanutdanning.no\/muntlig-eksamen\/","name":"Muntlig eksamen - KublaKan Utdanning","isPartOf":{"@id":"\/#website"},"datePublished":"2023-12-19T20:58:08+00:00","dateModified":"2025-06-03T07:31:34+00:00","breadcrumb":{"@id":"https:\/\/kublakanutdanning.no\/muntlig-eksamen\/#breadcrumb"},"inLanguage":"en-US","potentialAction":[{"@type":"ReadAction","target":["https:\/\/kublakanutdanning.no\/muntlig-eksamen\/"]}]},{"@type":"BreadcrumbList","@id":"https:\/\/kublakanutdanning.no\/muntlig-eksamen\/#breadcrumb","itemListElement":[{"@type":"ListItem","position":1,"name":"Home","item":"https:\/\/kublakanutdanning.no\/"},{"@type":"ListItem","position":2,"name":"Muntlig eksamen"}]},{"@type":"WebSite","@id":"\/#website","url":"\/","name":"KublaKan Utdanning","description":"Nettundervisning for elever og privatister","potentialAction":[{"@type":"SearchAction","target":{"@type":"EntryPoint","urlTemplate":"\/?s={search_term_string}"},"query-input":{"@type":"PropertyValueSpecification","valueRequired":true,"valueName":"search_term_string"}}],"inLanguage":"en-US"}]}},"_links":{"self":[{"href":"https:\/\/kublakanutdanning.no\/en\/wp-json\/wp\/v2\/pages\/229919","targetHints":{"allow":["GET"]}}],"collection":[{"href":"https:\/\/kublakanutdanning.no\/en\/wp-json\/wp\/v2\/pages"}],"about":[{"href":"https:\/\/kublakanutdanning.no\/en\/wp-json\/wp\/v2\/types\/page"}],"author":[{"embeddable":true,"href":"https:\/\/kublakanutdanning.no\/en\/wp-json\/wp\/v2\/users\/9"}],"replies":[{"embeddable":true,"href":"https:\/\/kublakanutdanning.no\/en\/wp-json\/wp\/v2\/comments?post=229919"}],"version-history":[{"count":5,"href":"https:\/\/kublakanutdanning.no\/en\/wp-json\/wp\/v2\/pages\/229919\/revisions"}],"predecessor-version":[{"id":254055,"href":"https:\/\/kublakanutdanning.no\/en\/wp-json\/wp\/v2\/pages\/229919\/revisions\/254055"}],"wp:attachment":[{"href":"https:\/\/kublakanutdanning.no\/en\/wp-json\/wp\/v2\/media?parent=229919"}],"curies":[{"name":"wp","href":"https:\/\/api.w.org\/{rel}","templated":true}]}}