{"id":243638,"date":"2024-09-09T07:30:03","date_gmt":"2024-09-09T07:30:03","guid":{"rendered":"https:\/\/kublakanutdanning.no\/?page_id=243638"},"modified":"2024-09-09T10:20:50","modified_gmt":"2024-09-09T10:20:50","slug":"oppgave-etos-i-tekst-fra-wideroe","status":"publish","type":"page","link":"https:\/\/kublakanutdanning.no\/en\/oppgave-etos-i-tekst-fra-wideroe\/","title":{"rendered":"Oppgave &#8211; etos i tekst fra Wider\u00f8e"},"content":{"rendered":"<div class=\"learndash-wrapper\">\n\t<div\n\t\tclass=\"ld-alert ld-alert-warning\"\n\t\t\t\t\trole=\"status\"\n\t\t\t>\n\t\t<div class=\"ld-alert-content\">\n\n\t\t\t\t\t\t\t<div aria-hidden=\"true\" class=\"ld-alert-icon ld-icon ld-icon-alert\">\n\t\t\t\t\t\t\t\t\t<\/div>\n\t\t\t\t\t\t\t<div class=\"ld-alert-messages\">\n\t\t\tFor \u00e5 se dette innholdet m\u00e5 du v\u00e6re elev p\u00e5 KublaKan Utdanning.\t\t\t<\/div>\n\t\t\t\t\t<\/div>\n\n\t\t\t\t\t<a class=\"ld-button learndash-link-previous-incomplete learndash-group-membership-link\" href=\"https:\/\/kublakanutdanning.no\/en\/groups\/norskelever\/\" >\n\t\t\t\t\t\t\t\tView Group\t\t\t<\/a>\n\t\t\t\t<\/div>\n\n\t<\/div>","protected":false},"excerpt":{"rendered":"<p>Den sammensatte teksten som skal analyseresGjennomgang. Hvordan l\u00f8se denne kortsvarsoppgaven?Hvordan skj\u00f8nne tekstenHvordan svare p\u00e5 oppgaven<\/p>","protected":false},"author":9,"featured_media":0,"parent":0,"menu_order":0,"comment_status":"closed","ping_status":"closed","template":"","meta":{"_et_pb_use_builder":"on","_et_pb_old_content":"","_et_gb_content_width":"","footnotes":""},"class_list":["post-243638","page","type-page","status-publish","hentry"],"yoast_head":"<!-- This site is optimized with the Yoast SEO Premium plugin v27.3 (Yoast SEO v27.3) - https:\/\/yoast.com\/product\/yoast-seo-premium-wordpress\/ -->\n<title>Oppgave - etos i tekst fra Wider\u00f8e - KublaKan Utdanning<\/title>\n<meta name=\"robots\" content=\"index, follow, max-snippet:-1, max-image-preview:large, max-video-preview:-1\" \/>\n<link rel=\"canonical\" href=\"https:\/\/kublakanutdanning.no\/en\/oppgave-etos-i-tekst-fra-wideroe\/\" \/>\n<meta property=\"og:locale\" content=\"en_US\" \/>\n<meta property=\"og:type\" content=\"article\" \/>\n<meta property=\"og:title\" content=\"Oppgave - etos i tekst fra Wider\u00f8e\" \/>\n<meta property=\"og:description\" content=\"Den sammensatte teksten som skal analyseresGjennomgang. Hvordan l\u00f8se denne kortsvarsoppgaven?Hvordan skj\u00f8nne tekstenHvordan svare p\u00e5 oppgaven\" \/>\n<meta property=\"og:url\" content=\"https:\/\/kublakanutdanning.no\/en\/oppgave-etos-i-tekst-fra-wideroe\/\" \/>\n<meta property=\"og:site_name\" content=\"KublaKan Utdanning\" \/>\n<meta property=\"article:publisher\" content=\"https:\/\/www.facebook.com\/KublaKanUtdanning\/\" \/>\n<meta property=\"article:modified_time\" content=\"2024-09-09T10:20:50+00:00\" \/>\n<meta name=\"twitter:card\" content=\"summary_large_image\" \/>\n<meta name=\"twitter:label1\" content=\"Est. reading time\" \/>\n\t<meta name=\"twitter:data1\" content=\"2 minutes\" \/>\n<script type=\"application\/ld+json\" class=\"yoast-schema-graph\">{\"@context\":\"https:\\\/\\\/schema.org\",\"@graph\":[{\"@type\":\"WebPage\",\"@id\":\"https:\\\/\\\/kublakanutdanning.no\\\/oppgave-etos-i-tekst-fra-wideroe\\\/\",\"url\":\"https:\\\/\\\/kublakanutdanning.no\\\/oppgave-etos-i-tekst-fra-wideroe\\\/\",\"name\":\"Oppgave - etos i tekst fra Wider\u00f8e - KublaKan Utdanning\",\"isPartOf\":{\"@id\":\"\\\/#website\"},\"datePublished\":\"2024-09-09T07:30:03+00:00\",\"dateModified\":\"2024-09-09T10:20:50+00:00\",\"breadcrumb\":{\"@id\":\"https:\\\/\\\/kublakanutdanning.no\\\/oppgave-etos-i-tekst-fra-wideroe\\\/#breadcrumb\"},\"inLanguage\":\"en-US\",\"potentialAction\":[{\"@type\":\"ReadAction\",\"target\":[\"https:\\\/\\\/kublakanutdanning.no\\\/oppgave-etos-i-tekst-fra-wideroe\\\/\"]}]},{\"@type\":\"BreadcrumbList\",\"@id\":\"https:\\\/\\\/kublakanutdanning.no\\\/oppgave-etos-i-tekst-fra-wideroe\\\/#breadcrumb\",\"itemListElement\":[{\"@type\":\"ListItem\",\"position\":1,\"name\":\"Home\",\"item\":\"https:\\\/\\\/kublakanutdanning.no\\\/\"},{\"@type\":\"ListItem\",\"position\":2,\"name\":\"Oppgave &#8211; etos i tekst fra Wider\u00f8e\"}]},{\"@type\":\"WebSite\",\"@id\":\"\\\/#website\",\"url\":\"\\\/\",\"name\":\"KublaKan Utdanning\",\"description\":\"Nettundervisning for elever og privatister\",\"potentialAction\":[{\"@type\":\"SearchAction\",\"target\":{\"@type\":\"EntryPoint\",\"urlTemplate\":\"\\\/?s={search_term_string}\"},\"query-input\":{\"@type\":\"PropertyValueSpecification\",\"valueRequired\":true,\"valueName\":\"search_term_string\"}}],\"inLanguage\":\"en-US\"}]}<\/script>\n<!-- \/ Yoast SEO Premium plugin. -->","yoast_head_json":{"title":"Oppgave - etos i tekst fra Wider\u00f8e - KublaKan Utdanning","robots":{"index":"index","follow":"follow","max-snippet":"max-snippet:-1","max-image-preview":"max-image-preview:large","max-video-preview":"max-video-preview:-1"},"canonical":"https:\/\/kublakanutdanning.no\/en\/oppgave-etos-i-tekst-fra-wideroe\/","og_locale":"en_US","og_type":"article","og_title":"Oppgave - etos i tekst fra Wider\u00f8e","og_description":"Den sammensatte teksten som skal analyseresGjennomgang. Hvordan l\u00f8se denne kortsvarsoppgaven?Hvordan skj\u00f8nne tekstenHvordan svare p\u00e5 oppgaven","og_url":"https:\/\/kublakanutdanning.no\/en\/oppgave-etos-i-tekst-fra-wideroe\/","og_site_name":"KublaKan Utdanning","article_publisher":"https:\/\/www.facebook.com\/KublaKanUtdanning\/","article_modified_time":"2024-09-09T10:20:50+00:00","twitter_card":"summary_large_image","twitter_misc":{"Est. reading time":"2 minutes"},"schema":{"@context":"https:\/\/schema.org","@graph":[{"@type":"WebPage","@id":"https:\/\/kublakanutdanning.no\/oppgave-etos-i-tekst-fra-wideroe\/","url":"https:\/\/kublakanutdanning.no\/oppgave-etos-i-tekst-fra-wideroe\/","name":"Oppgave - etos i tekst fra Wider\u00f8e - KublaKan Utdanning","isPartOf":{"@id":"\/#website"},"datePublished":"2024-09-09T07:30:03+00:00","dateModified":"2024-09-09T10:20:50+00:00","breadcrumb":{"@id":"https:\/\/kublakanutdanning.no\/oppgave-etos-i-tekst-fra-wideroe\/#breadcrumb"},"inLanguage":"en-US","potentialAction":[{"@type":"ReadAction","target":["https:\/\/kublakanutdanning.no\/oppgave-etos-i-tekst-fra-wideroe\/"]}]},{"@type":"BreadcrumbList","@id":"https:\/\/kublakanutdanning.no\/oppgave-etos-i-tekst-fra-wideroe\/#breadcrumb","itemListElement":[{"@type":"ListItem","position":1,"name":"Home","item":"https:\/\/kublakanutdanning.no\/"},{"@type":"ListItem","position":2,"name":"Oppgave &#8211; etos i tekst fra Wider\u00f8e"}]},{"@type":"WebSite","@id":"\/#website","url":"\/","name":"KublaKan Utdanning","description":"Nettundervisning for elever og privatister","potentialAction":[{"@type":"SearchAction","target":{"@type":"EntryPoint","urlTemplate":"\/?s={search_term_string}"},"query-input":{"@type":"PropertyValueSpecification","valueRequired":true,"valueName":"search_term_string"}}],"inLanguage":"en-US"}]}},"_links":{"self":[{"href":"https:\/\/kublakanutdanning.no\/en\/wp-json\/wp\/v2\/pages\/243638","targetHints":{"allow":["GET"]}}],"collection":[{"href":"https:\/\/kublakanutdanning.no\/en\/wp-json\/wp\/v2\/pages"}],"about":[{"href":"https:\/\/kublakanutdanning.no\/en\/wp-json\/wp\/v2\/types\/page"}],"author":[{"embeddable":true,"href":"https:\/\/kublakanutdanning.no\/en\/wp-json\/wp\/v2\/users\/9"}],"replies":[{"embeddable":true,"href":"https:\/\/kublakanutdanning.no\/en\/wp-json\/wp\/v2\/comments?post=243638"}],"version-history":[{"count":9,"href":"https:\/\/kublakanutdanning.no\/en\/wp-json\/wp\/v2\/pages\/243638\/revisions"}],"predecessor-version":[{"id":243691,"href":"https:\/\/kublakanutdanning.no\/en\/wp-json\/wp\/v2\/pages\/243638\/revisions\/243691"}],"wp:attachment":[{"href":"https:\/\/kublakanutdanning.no\/en\/wp-json\/wp\/v2\/media?parent=243638"}],"curies":[{"name":"wp","href":"https:\/\/api.w.org\/{rel}","templated":true}]}}