{"id":249273,"date":"2025-02-02T14:16:00","date_gmt":"2025-02-02T14:16:00","guid":{"rendered":"https:\/\/kublakanutdanning.no\/?page_id=249273"},"modified":"2025-02-02T14:16:14","modified_gmt":"2025-02-02T14:16:14","slug":"nynorsk-passiv-del-1","status":"publish","type":"page","link":"https:\/\/kublakanutdanning.no\/en\/nynorsk-passiv-del-1\/","title":{"rendered":"Nynorsk &#8211; Passiv &#8211; del 1"},"content":{"rendered":"<div class=\"learndash-wrapper\">\n\t<div\n\t\tclass=\"ld-alert ld-alert-warning\"\n\t\t\t\t\trole=\"status\"\n\t\t\t>\n\t\t<div class=\"ld-alert-content\">\n\n\t\t\t\t\t\t\t<div aria-hidden=\"true\" class=\"ld-alert-icon ld-icon ld-icon-alert\">\n\t\t\t\t\t\t\t\t\t<\/div>\n\t\t\t\t\t\t\t<div class=\"ld-alert-messages\">\n\t\t\tFor \u00e5 se dette innholdet m\u00e5 du v\u00e6re elev p\u00e5 KublaKan Utdanning.\t\t\t<\/div>\n\t\t\t\t\t<\/div>\n\n\t\t\t<\/div>\n\n\t<\/div>","protected":false},"excerpt":{"rendered":"<p>Skriv inn sp\u00f8rsm\u00e5let i skjemaet, s\u00e5 svarer jeg s\u00e5 fort jeg kan. Du kan selv velge om du vil ha svar p\u00e5 telefon eller e-post <style id=\"wpforms-css-vars-239290\">\n\t\t\t\t#wpforms-239290 {\n\t\t\t\t\n\t\t\t}\n\t\t\t<\/style><div class=\"wpforms-container wpforms-container-full wpforms-render-modern\" id=\"wpforms-239290\"><form id=\"wpforms-form-239290\" class=\"wpforms-validate wpforms-form wpforms-ajax-form\" data-formid=\"239290\" method=\"post\" enctype=\"multipart\/form-data\" action=\"\/en\/wp-json\/wp\/v2\/pages\/249273\" data-token=\"4c686ddbab6905cb878918764f5127e0\" data-token-time=\"1775610606\"><noscript class=\"wpforms-error-noscript\">Please enable JavaScript in your browser to complete this form.<\/noscript><div id=\"wpforms-error-noscript\" style=\"display: none;\">Please enable JavaScript in your browser to complete this form.<\/div><div class=\"wpforms-field-container\"><div id=\"wpforms-239290-field_4-container\" class=\"wpforms-field wpforms-field-name\" data-field-id=\"4\"><label class=\"wpforms-field-label\" for=\"wpforms-239290-field_4\">Navn<\/label><input type=\"text\" id=\"wpforms-239290-field_4\" class=\"wpforms-field-medium\" name=\"wpforms[fields][4]\" aria-errormessage=\"wpforms-239290-field_4-error\" ><\/div><div id=\"wpforms-239290-field_2-container\" class=\"wpforms-field wpforms-field-email\" data-field-id=\"2\"><label class=\"wpforms-field-label\" for=\"wpforms-239290-field_2\">E-post<\/label><input type=\"email\" id=\"wpforms-239290-field_2\" class=\"wpforms-field-medium\" name=\"wpforms[fields][2]\" spellcheck=\"false\" aria-errormessage=\"wpforms-239290-field_2-error\" ><\/div><div id=\"wpforms-239290-field_1-container\" class=\"wpforms-field wpforms-field-phone\" data-field-id=\"1\"><label class=\"wpforms-field-label\" for=\"wpforms-239290-field_1\">Telefonnummer<\/label><input type=\"tel\" id=\"wpforms-239290-field_1\" class=\"wpforms-field-medium wpforms-smart-phone-field\" data-rule-smart-phone-field=\"true\" name=\"wpforms[fields][1]\" aria-label=\"Telefonnummer\" aria-errormessage=\"wpforms-239290-field_1-error\" ><\/div><div id=\"wpforms-239290-field_5-container\" class=\"wpforms-field wpforms-field-textarea\" data-field-id=\"5\"><label class=\"wpforms-field-label\" for=\"wpforms-239290-field_5\">Din melding<\/label><textarea id=\"wpforms-239290-field_5\" class=\"wpforms-field-medium\" name=\"wpforms[fields][5]\" aria-errormessage=\"wpforms-239290-field_5-error\" ><\/textarea><\/div><\/div><!-- .wpforms-field-container --><div class=\"wpforms-submit-container\" ><input type=\"hidden\" name=\"wpforms[id]\" value=\"239290\"><input type=\"hidden\" name=\"page_title\" value=\"\"><input type=\"hidden\" name=\"page_url\" value=\"https:\/\/kublakanutdanning.no\/en\/wp-json\/wp\/v2\/pages\/249273\"><input type=\"hidden\" name=\"url_referer\" value=\"\"><button type=\"submit\" name=\"wpforms[submit]\" id=\"wpforms-submit-239290\" class=\"wpforms-submit\" data-alt-text=\"Sender...\" data-submit-text=\"Send\" aria-live=\"assertive\" value=\"wpforms-submit\">Send<\/button><img loading=\"lazy\" decoding=\"async\" src=\"https:\/\/kublakanutdanning.no\/wp-content\/plugins\/wpforms\/assets\/images\/submit-spin.svg\" class=\"wpforms-submit-spinner\" style=\"display: none;\" width=\"26\" height=\"26\" alt=\"Loading\"><\/div><\/form><\/div>  <!-- .wpforms-container -->Skriv inn sp\u00f8rsm\u00e5let i skjemaet, s\u00e5 svarer jeg s\u00e5 fort jeg kan. Du kan selv velge om du vil ha svar p\u00e5 telefon eller e-post <style id=\"wpforms-css-vars-239290\">\n\t\t\t\t#wpforms-239290 {\n\t\t\t\t\n\t\t\t}\n\t\t\t<\/style><div class=\"wpforms-container wpforms-container-full wpforms-render-modern\" id=\"wpforms-239290\"><form id=\"wpforms-form-239290\" class=\"wpforms-validate wpforms-form wpforms-ajax-form\" data-formid=\"239290\" method=\"post\" enctype=\"multipart\/form-data\" action=\"\/en\/wp-json\/wp\/v2\/pages\/249273\" data-token=\"4c686ddbab6905cb878918764f5127e0\" data-token-time=\"1775610606\"><noscript class=\"wpforms-error-noscript\">Please enable JavaScript in your browser to complete this form.<\/noscript><div id=\"wpforms-error-noscript\" style=\"display: none;\">Please enable JavaScript in your browser to complete this form.<\/div><div class=\"wpforms-field-container\"><div id=\"wpforms-239290-field_4-container\" class=\"wpforms-field wpforms-field-name\" data-field-id=\"4\"><label class=\"wpforms-field-label\" for=\"wpforms-239290-field_4\">Navn<\/label><input type=\"text\" id=\"wpforms-239290-field_4\" class=\"wpforms-field-medium\" name=\"wpforms[fields][4]\" aria-errormessage=\"wpforms-239290-field_4-error\" ><\/div><div id=\"wpforms-239290-field_2-container\" class=\"wpforms-field wpforms-field-email\" data-field-id=\"2\"><label class=\"wpforms-field-label\" for=\"wpforms-239290-field_2\">E-post<\/label><input type=\"email\" id=\"wpforms-239290-field_2\" class=\"wpforms-field-medium\" name=\"wpforms[fields][2]\" spellcheck=\"false\" aria-errormessage=\"wpforms-239290-field_2-error\" ><\/div><div id=\"wpforms-239290-field_1-container\" class=\"wpforms-field wpforms-field-phone\" data-field-id=\"1\"><label class=\"wpforms-field-label\" for=\"wpforms-239290-field_1\">Telefonnummer<\/label><input type=\"tel\" id=\"wpforms-239290-field_1\" class=\"wpforms-field-medium wpforms-smart-phone-field\" data-rule-smart-phone-field=\"true\" name=\"wpforms[fields][1]\" aria-label=\"Telefonnummer\" aria-errormessage=\"wpforms-239290-field_1-error\" ><\/div><div id=\"wpforms-239290-field_5-container\" class=\"wpforms-field wpforms-field-textarea\" data-field-id=\"5\"><label class=\"wpforms-field-label\" for=\"wpforms-239290-field_5\">Din melding<\/label><textarea id=\"wpforms-239290-field_5\" class=\"wpforms-field-medium\" name=\"wpforms[fields][5]\" aria-errormessage=\"wpforms-239290-field_5-error\" ><\/textarea><\/div><\/div><!-- .wpforms-field-container --><div class=\"wpforms-submit-container\" ><input type=\"hidden\" name=\"wpforms[id]\" value=\"239290\"><input type=\"hidden\" name=\"page_title\" value=\"\"><input type=\"hidden\" name=\"page_url\" value=\"https:\/\/kublakanutdanning.no\/en\/wp-json\/wp\/v2\/pages\/249273\"><input type=\"hidden\" name=\"url_referer\" value=\"\"><button type=\"submit\" name=\"wpforms[submit]\" id=\"wpforms-submit-239290\" class=\"wpforms-submit\" data-alt-text=\"Sender...\" data-submit-text=\"Send\" aria-live=\"assertive\" value=\"wpforms-submit\">Send<\/button><img loading=\"lazy\" decoding=\"async\" src=\"https:\/\/kublakanutdanning.no\/wp-content\/plugins\/wpforms\/assets\/images\/submit-spin.svg\" class=\"wpforms-submit-spinner\" style=\"display: none;\" width=\"26\" height=\"26\" alt=\"Loading\"><\/div><\/form><\/div>  <!-- .wpforms-container --><\/p>\n","protected":false},"author":9,"featured_media":0,"parent":0,"menu_order":0,"comment_status":"closed","ping_status":"closed","template":"","meta":{"_et_pb_use_builder":"on","_et_pb_old_content":"","_et_gb_content_width":"1200","footnotes":""},"class_list":["post-249273","page","type-page","status-publish","hentry"],"yoast_head":"<!-- This site is optimized with the Yoast SEO Premium plugin v27.3 (Yoast SEO v27.3) - https:\/\/yoast.com\/product\/yoast-seo-premium-wordpress\/ -->\n<title>Nynorsk - Passiv - del 1 - KublaKan Utdanning<\/title>\n<meta name=\"robots\" content=\"index, follow, max-snippet:-1, max-image-preview:large, max-video-preview:-1\" \/>\n<link rel=\"canonical\" href=\"https:\/\/kublakanutdanning.no\/en\/nynorsk-passiv-del-1\/\" \/>\n<meta property=\"og:locale\" content=\"en_US\" \/>\n<meta property=\"og:type\" content=\"article\" \/>\n<meta property=\"og:title\" content=\"Nynorsk - Passiv - del 1\" \/>\n<meta property=\"og:description\" content=\"Skriv inn sp\u00f8rsm\u00e5let i skjemaet, s\u00e5 svarer jeg s\u00e5 fort jeg kan. Du kan selv velge om du vil ha svar p\u00e5 telefon eller e-post Skriv inn sp\u00f8rsm\u00e5let i skjemaet, s\u00e5 svarer jeg s\u00e5 fort jeg kan. Du kan selv velge om du vil ha svar p\u00e5 telefon eller e-post\" \/>\n<meta property=\"og:url\" content=\"https:\/\/kublakanutdanning.no\/en\/nynorsk-passiv-del-1\/\" \/>\n<meta property=\"og:site_name\" content=\"KublaKan Utdanning\" \/>\n<meta property=\"article:publisher\" content=\"https:\/\/www.facebook.com\/KublaKanUtdanning\/\" \/>\n<meta property=\"article:modified_time\" content=\"2025-02-02T14:16:14+00:00\" \/>\n<meta property=\"og:image\" content=\"https:\/\/kublakanutdanning.no\/wp-content\/themes\/Divi\/includes\/builder\/frontend-builder\/assets\/vendors\/plugins\/emoticons\/img\/smiley-smile.gif\" \/>\n<meta name=\"twitter:card\" content=\"summary_large_image\" \/>\n<script type=\"application\/ld+json\" class=\"yoast-schema-graph\">{\"@context\":\"https:\\\/\\\/schema.org\",\"@graph\":[{\"@type\":\"WebPage\",\"@id\":\"https:\\\/\\\/kublakanutdanning.no\\\/nynorsk-passiv-del-1\\\/\",\"url\":\"https:\\\/\\\/kublakanutdanning.no\\\/nynorsk-passiv-del-1\\\/\",\"name\":\"Nynorsk - Passiv - del 1 - KublaKan Utdanning\",\"isPartOf\":{\"@id\":\"\\\/#website\"},\"primaryImageOfPage\":{\"@id\":\"https:\\\/\\\/kublakanutdanning.no\\\/nynorsk-passiv-del-1\\\/#primaryimage\"},\"image\":{\"@id\":\"https:\\\/\\\/kublakanutdanning.no\\\/nynorsk-passiv-del-1\\\/#primaryimage\"},\"thumbnailUrl\":\"https:\\\/\\\/kublakanutdanning.no\\\/wp-content\\\/themes\\\/Divi\\\/includes\\\/builder\\\/frontend-builder\\\/assets\\\/vendors\\\/plugins\\\/emoticons\\\/img\\\/smiley-smile.gif\",\"datePublished\":\"2025-02-02T14:16:00+00:00\",\"dateModified\":\"2025-02-02T14:16:14+00:00\",\"breadcrumb\":{\"@id\":\"https:\\\/\\\/kublakanutdanning.no\\\/nynorsk-passiv-del-1\\\/#breadcrumb\"},\"inLanguage\":\"en-US\",\"potentialAction\":[{\"@type\":\"ReadAction\",\"target\":[\"https:\\\/\\\/kublakanutdanning.no\\\/nynorsk-passiv-del-1\\\/\"]}]},{\"@type\":\"ImageObject\",\"inLanguage\":\"en-US\",\"@id\":\"https:\\\/\\\/kublakanutdanning.no\\\/nynorsk-passiv-del-1\\\/#primaryimage\",\"url\":\"https:\\\/\\\/kublakanutdanning.no\\\/wp-content\\\/themes\\\/Divi\\\/includes\\\/builder\\\/frontend-builder\\\/assets\\\/vendors\\\/plugins\\\/emoticons\\\/img\\\/smiley-smile.gif\",\"contentUrl\":\"https:\\\/\\\/kublakanutdanning.no\\\/wp-content\\\/themes\\\/Divi\\\/includes\\\/builder\\\/frontend-builder\\\/assets\\\/vendors\\\/plugins\\\/emoticons\\\/img\\\/smiley-smile.gif\"},{\"@type\":\"BreadcrumbList\",\"@id\":\"https:\\\/\\\/kublakanutdanning.no\\\/nynorsk-passiv-del-1\\\/#breadcrumb\",\"itemListElement\":[{\"@type\":\"ListItem\",\"position\":1,\"name\":\"Home\",\"item\":\"https:\\\/\\\/kublakanutdanning.no\\\/\"},{\"@type\":\"ListItem\",\"position\":2,\"name\":\"Nynorsk &#8211; Passiv &#8211; del 1\"}]},{\"@type\":\"WebSite\",\"@id\":\"\\\/#website\",\"url\":\"\\\/\",\"name\":\"KublaKan Utdanning\",\"description\":\"Nettundervisning for elever og privatister\",\"potentialAction\":[{\"@type\":\"SearchAction\",\"target\":{\"@type\":\"EntryPoint\",\"urlTemplate\":\"\\\/?s={search_term_string}\"},\"query-input\":{\"@type\":\"PropertyValueSpecification\",\"valueRequired\":true,\"valueName\":\"search_term_string\"}}],\"inLanguage\":\"en-US\"}]}<\/script>\n<!-- \/ Yoast SEO Premium plugin. -->","yoast_head_json":{"title":"Nynorsk - Passiv - del 1 - KublaKan Utdanning","robots":{"index":"index","follow":"follow","max-snippet":"max-snippet:-1","max-image-preview":"max-image-preview:large","max-video-preview":"max-video-preview:-1"},"canonical":"https:\/\/kublakanutdanning.no\/en\/nynorsk-passiv-del-1\/","og_locale":"en_US","og_type":"article","og_title":"Nynorsk - Passiv - del 1","og_description":"Skriv inn sp\u00f8rsm\u00e5let i skjemaet, s\u00e5 svarer jeg s\u00e5 fort jeg kan. Du kan selv velge om du vil ha svar p\u00e5 telefon eller e-post Skriv inn sp\u00f8rsm\u00e5let i skjemaet, s\u00e5 svarer jeg s\u00e5 fort jeg kan. Du kan selv velge om du vil ha svar p\u00e5 telefon eller e-post","og_url":"https:\/\/kublakanutdanning.no\/en\/nynorsk-passiv-del-1\/","og_site_name":"KublaKan Utdanning","article_publisher":"https:\/\/www.facebook.com\/KublaKanUtdanning\/","article_modified_time":"2025-02-02T14:16:14+00:00","og_image":[{"url":"https:\/\/kublakanutdanning.no\/wp-content\/themes\/Divi\/includes\/builder\/frontend-builder\/assets\/vendors\/plugins\/emoticons\/img\/smiley-smile.gif","type":"","width":"","height":""}],"twitter_card":"summary_large_image","schema":{"@context":"https:\/\/schema.org","@graph":[{"@type":"WebPage","@id":"https:\/\/kublakanutdanning.no\/nynorsk-passiv-del-1\/","url":"https:\/\/kublakanutdanning.no\/nynorsk-passiv-del-1\/","name":"Nynorsk - Passiv - del 1 - KublaKan Utdanning","isPartOf":{"@id":"\/#website"},"primaryImageOfPage":{"@id":"https:\/\/kublakanutdanning.no\/nynorsk-passiv-del-1\/#primaryimage"},"image":{"@id":"https:\/\/kublakanutdanning.no\/nynorsk-passiv-del-1\/#primaryimage"},"thumbnailUrl":"https:\/\/kublakanutdanning.no\/wp-content\/themes\/Divi\/includes\/builder\/frontend-builder\/assets\/vendors\/plugins\/emoticons\/img\/smiley-smile.gif","datePublished":"2025-02-02T14:16:00+00:00","dateModified":"2025-02-02T14:16:14+00:00","breadcrumb":{"@id":"https:\/\/kublakanutdanning.no\/nynorsk-passiv-del-1\/#breadcrumb"},"inLanguage":"en-US","potentialAction":[{"@type":"ReadAction","target":["https:\/\/kublakanutdanning.no\/nynorsk-passiv-del-1\/"]}]},{"@type":"ImageObject","inLanguage":"en-US","@id":"https:\/\/kublakanutdanning.no\/nynorsk-passiv-del-1\/#primaryimage","url":"https:\/\/kublakanutdanning.no\/wp-content\/themes\/Divi\/includes\/builder\/frontend-builder\/assets\/vendors\/plugins\/emoticons\/img\/smiley-smile.gif","contentUrl":"https:\/\/kublakanutdanning.no\/wp-content\/themes\/Divi\/includes\/builder\/frontend-builder\/assets\/vendors\/plugins\/emoticons\/img\/smiley-smile.gif"},{"@type":"BreadcrumbList","@id":"https:\/\/kublakanutdanning.no\/nynorsk-passiv-del-1\/#breadcrumb","itemListElement":[{"@type":"ListItem","position":1,"name":"Home","item":"https:\/\/kublakanutdanning.no\/"},{"@type":"ListItem","position":2,"name":"Nynorsk &#8211; Passiv &#8211; del 1"}]},{"@type":"WebSite","@id":"\/#website","url":"\/","name":"KublaKan Utdanning","description":"Nettundervisning for elever og privatister","potentialAction":[{"@type":"SearchAction","target":{"@type":"EntryPoint","urlTemplate":"\/?s={search_term_string}"},"query-input":{"@type":"PropertyValueSpecification","valueRequired":true,"valueName":"search_term_string"}}],"inLanguage":"en-US"}]}},"_links":{"self":[{"href":"https:\/\/kublakanutdanning.no\/en\/wp-json\/wp\/v2\/pages\/249273","targetHints":{"allow":["GET"]}}],"collection":[{"href":"https:\/\/kublakanutdanning.no\/en\/wp-json\/wp\/v2\/pages"}],"about":[{"href":"https:\/\/kublakanutdanning.no\/en\/wp-json\/wp\/v2\/types\/page"}],"author":[{"embeddable":true,"href":"https:\/\/kublakanutdanning.no\/en\/wp-json\/wp\/v2\/users\/9"}],"replies":[{"embeddable":true,"href":"https:\/\/kublakanutdanning.no\/en\/wp-json\/wp\/v2\/comments?post=249273"}],"version-history":[{"count":2,"href":"https:\/\/kublakanutdanning.no\/en\/wp-json\/wp\/v2\/pages\/249273\/revisions"}],"predecessor-version":[{"id":249275,"href":"https:\/\/kublakanutdanning.no\/en\/wp-json\/wp\/v2\/pages\/249273\/revisions\/249275"}],"wp:attachment":[{"href":"https:\/\/kublakanutdanning.no\/en\/wp-json\/wp\/v2\/media?parent=249273"}],"curies":[{"name":"wp","href":"https:\/\/api.w.org\/{rel}","templated":true}]}}