{"id":3770,"date":"2023-06-21T19:57:45","date_gmt":"2023-06-21T19:57:45","guid":{"rendered":"https:\/\/kublakanutdanning.no\/?page_id=3770"},"modified":"2026-03-15T10:34:19","modified_gmt":"2026-03-15T10:34:19","slug":"betingelser-og-vilkar-15-03-2026","status":"publish","type":"page","link":"https:\/\/kublakanutdanning.no\/en\/betingelser-og-vilkar-15-03-2026\/","title":{"rendered":"Betingelser og vilk\u00e5r 15.03.2026"},"content":{"rendered":"\n[et_pb_section fb_built=&raquo;1&#8243; _builder_version=&raquo;4.21.0&#8243; _module_preset=&raquo;default&raquo; global_colors_info=&raquo;{}&raquo; da_is_popup=&raquo;off&raquo; da_exit_intent=&raquo;off&raquo; da_has_close=&raquo;on&raquo; da_alt_close=&raquo;off&raquo; da_dark_close=&raquo;off&raquo; da_not_modal=&raquo;on&raquo; da_is_singular=&raquo;off&raquo; da_with_loader=&raquo;off&raquo; da_has_shadow=&raquo;on&raquo; da_disable_devices=&raquo;off|off|off&raquo;][et_pb_row _builder_version=&raquo;4.21.0&#8243; _module_preset=&raquo;default&raquo; global_colors_info=&raquo;{}&raquo;][et_pb_column type=&raquo;4_4&#8243; _builder_version=&raquo;4.21.0&#8243; _module_preset=&raquo;default&raquo; global_colors_info=&raquo;{}&raquo;][et_pb_text _builder_version=&raquo;4.21.0&#8243; _module_preset=&raquo;default&raquo; global_colors_info=&raquo;{}&raquo;]<h1><strong>KublaKan Utdanning \u2013 vilk\u00e5r for elever<\/strong><\/h1>[\/et_pb_text][\/et_pb_column][\/et_pb_row][et_pb_row column_structure=&raquo;2_3,1_3&#8243; _builder_version=&raquo;4.21.0&#8243; _module_preset=&raquo;default&raquo; global_colors_info=&raquo;{}&raquo;][et_pb_column type=&raquo;2_3&#8243; _builder_version=&raquo;4.21.0&#8243; _module_preset=&raquo;default&raquo; global_colors_info=&raquo;{}&raquo;][et_pb_text _builder_version=&raquo;4.21.0&#8243; _module_preset=&raquo;default&raquo; text_text_color=&raquo;#000000&#8243; global_colors_info=&raquo;{}&raquo;]<h2><strong>1. Generelle bestemmelser<\/strong><\/h2>\n<p><strong><\/strong><\/p>\n<h3 style=\"padding-left: 40px;\"><strong><\/strong><\/h3>\n<h3 style=\"padding-left: 40px;\"><strong><\/strong><\/h3>\n<h3 style=\"padding-left: 40px;\"><strong><\/strong><\/h3>\n<h3 style=\"padding-left: 40px;\"><strong>1.1\u00a0 \u00a0Hvem og hva avtalen gjelder<\/strong><br \/><strong><\/strong><\/h3>\n<p style=\"padding-left: 40px;\">Denne avtalen gjelder mellom KublaKan Utdanning og elever som kj\u00f8per kurs ved skolen.<\/p>\n<p style=\"padding-left: 40px;\">KublaKan best\u00e5r av forelesninger p\u00e5 video, og <em>live<\/em> nettundervisning regelmessig gjennom semesteret. Hvis du som elev skal ta eksamen som privatist, gj\u00f8r du dette p\u00e5 egen h\u00e5nd, i regi av privatistkontoret i fylket der du bor.<\/p>\n<p>&nbsp;<\/p>\n<p style=\"padding-left: 40px;\">[\/et_pb_text][\/et_pb_column][et_pb_column type=&raquo;1_3&#8243; _builder_version=&raquo;4.21.0&#8243; _module_preset=&raquo;default&raquo; global_colors_info=&raquo;{}&raquo;][\/et_pb_column][\/et_pb_row][et_pb_row _builder_version=&raquo;4.21.0&#8243; _module_preset=&raquo;default&raquo; global_colors_info=&raquo;{}&raquo;][et_pb_column type=&raquo;4_4&#8243; _builder_version=&raquo;4.21.0&#8243; _module_preset=&raquo;default&raquo; global_colors_info=&raquo;{}&raquo;][et_pb_text _builder_version=&raquo;4.21.0&#8243; _module_preset=&raquo;default&raquo; text_text_color=&raquo;#000000&#8243; global_colors_info=&raquo;{}&raquo;]<h3 style=\"padding-left: 40px;\"><strong>1.2\u00a0 \u00a0Om avtalen<\/strong><\/h3>\n<p style=\"padding-left: 40px;\">Ved \u00e5 melde deg p\u00e5 kurs og markere at du godkjenner v\u00e5re avtalevilk\u00e5r, har du akseptert vilk\u00e5rene i avtalen. Du har da status som elev p\u00e5 KublaKan Utdanning, og avtalen er \u00f8konomisk bindende.<\/p>\n<p style=\"padding-left: 40px;\">Betaling og p\u00e5melding skjer med Klarna. N\u00e5r du har kj\u00f8pt fag, vil du motta en e-post med bekreftelse p\u00e5 at du er tatt opp som elev ved KublaKan Utdanning, samt et angrerettskjema. I denne e-posten vil du ogs\u00e5 f\u00e5 informasjon om innlogging til fagene dine.<\/p>\n<p style=\"padding-left: 40px;\">P\u00e5meldingsbekreftelsen sammen med godkjenningen av vilk\u00e5rene utgj\u00f8r din avtale med KublaKan Utdanning.<\/p>\n<p style=\"padding-left: 40px;\">Tilgangen til kursmaterialet varer frem til semesteret og eksamensperiodens slutt (alts\u00e5 ett semester for halv\u00e5rskurs, og to semestre for hel\u00e5rskurs).<\/p>\n<p>&nbsp;<\/p>\n<h3 style=\"padding-left: 40px;\"><strong>1.3\u00a0 \u00a0Forbehold<\/strong><\/h3>\n<p style=\"padding-left: 40px;\">Hvis du har utest\u00e5ende skolepenger fra tidligere, m\u00e5 du betale disse f\u00f8r du kan f\u00e5 tilgang til nye fag.<\/p>\n<p style=\"padding-left: 40px;\">Hvis du ikke er fylt 18 \u00e5r, m\u00e5 en av dine foresatte godkjenne avtalen skriftlig.<\/p>\n<p style=\"padding-left: 40px;\">Hvis elevgrunnlaget er for lite, forbeholder KublaKan Utdanning seg retten til \u00e5 avlyse kurs. Skolepengene vil da bli refundert.<\/p>\n<p>&nbsp;<\/p>\n<h3 style=\"padding-left: 40px;\"><strong>1.4\u00a0 \u00a0Oppstart<\/strong><\/h3>\n<p style=\"padding-left: 40px;\">KublaKan Utdanning tar inn elever frem til 1. oktober for h\u00f8stsemesteret og 15. februar for v\u00e5rsemesteret.<\/p>\n<p style=\"padding-left: 40px;\">Den delen av undervisningen som foreg\u00e5r <em>live<\/em> p\u00e5 nett begynner i f\u00f8rste halvdel av august for h\u00f8stsemesteret, og i f\u00f8rste halvdel av januar for v\u00e5rsemesteret.\u00a0<\/p>[\/et_pb_text][\/et_pb_column][\/et_pb_row][et_pb_row _builder_version=&raquo;4.21.0&#8243; _module_preset=&raquo;default&raquo; global_colors_info=&raquo;{}&raquo;][et_pb_column type=&raquo;4_4&#8243; _builder_version=&raquo;4.21.0&#8243; _module_preset=&raquo;default&raquo; global_colors_info=&raquo;{}&raquo;][et_pb_text _builder_version=&raquo;4.21.0&#8243; _module_preset=&raquo;default&raquo; text_text_color=&raquo;#000000&#8243; global_colors_info=&raquo;{}&raquo;]<h2><strong>2. Betalingsvilk\u00e5r<\/strong><\/h2>\n<p><strong><\/strong><\/p>\n<h3 style=\"padding-left: 40px;\"><strong><\/strong><\/h3>\n<h3 style=\"padding-left: 40px;\"><strong>2.1\u00a0 \u00a0Skolepenger<\/strong><\/h3>\n<p style=\"padding-left: 40px;\">Skolepengene er summen av prisen for kursene du har kj\u00f8pt. L\u00e6reb\u00f8ker og eksamensavgifter inng\u00e5r ikke i skolepengene<\/p>\n<h3 style=\"padding-left: 40px;\"><strong><\/strong><\/h3>\n<h3 style=\"padding-left: 40px;\"><strong>2.2\u00a0 \u00a0Betaling<\/strong><\/h3>\n<p style=\"padding-left: 40px;\">Skolepengene kan betales alt under ett, eller i avdrag.\u00a0 Betalingen h\u00e5ndteres av Klarna.<\/p>[\/et_pb_text][\/et_pb_column][\/et_pb_row][et_pb_row _builder_version=&raquo;4.21.0&#8243; _module_preset=&raquo;default&raquo; global_colors_info=&raquo;{}&raquo;][et_pb_column type=&raquo;4_4&#8243; _builder_version=&raquo;4.21.0&#8243; _module_preset=&raquo;default&raquo; global_colors_info=&raquo;{}&raquo;][et_pb_text _builder_version=&raquo;4.21.0&#8243; _module_preset=&raquo;default&raquo; text_text_color=&raquo;#000000&#8243; global_colors_info=&raquo;{}&raquo;]<h3 style=\"padding-left: 40px;\"><strong>2.3\u00a0 \u00a0Hvis du ikke betaler<\/strong><\/h3>\n<p style=\"padding-left: 40px;\">Dersom du ikke overholder betalingsplanen, vil vi stanse tilgangen din til fagene dine. Du vil heller ikke f\u00e5 tilgang til veiledning frem mot eksamen, testeksamen, eller lignende, f\u00f8r pengene er innbetalt.<\/p>\n<p style=\"padding-left: 40px;\">Hvis du ikke betaler avdragene i tide, vil det p\u00e5l\u00f8pe forsinkelsesrenter etter \u00abLov om renter ved forsinket betaling\u00bb av 17.12.76 nr 100, p-t- 10.75% p.a. og purregebeyr. Avdrag for skolepenger blir oversendt til inkasso ved forsinket betaling. Inndrivelse gjennom inkasso er regulert i inkassoloven av 13.05.88 nr. 26 og forskrift til inkassoloven av 14.07.89. Hvis fordringen blir oversendt til inkasso, kan dette medf\u00f8re ytterligere inkassokostnader og kostnader for tvangsinndrivelse av kravet.<\/p>\n<h3 style=\"padding-left: 40px;\"><strong>2.4\u00a0 \u00a0Kredittsjekk<\/strong><\/h3>\n<p style=\"padding-left: 40px;\">KublaKan forbeholder seg retten til \u00e5 kredittsjekke deg n\u00e5r du bestiller fag, og til \u00e5 kansellere bestillingen din hvis du ikke er kredittverdig. Hvis vi kredittsjekker deg, vil du f\u00e5 beskjed om dette.<\/p>[\/et_pb_text][\/et_pb_column][\/et_pb_row][et_pb_row _builder_version=&raquo;4.21.0&#8243; _module_preset=&raquo;default&raquo; global_colors_info=&raquo;{}&raquo;][et_pb_column type=&raquo;4_4&#8243; _builder_version=&raquo;4.21.0&#8243; _module_preset=&raquo;default&raquo; global_colors_info=&raquo;{}&raquo;][et_pb_text _builder_version=&raquo;4.27.5&#8243; _module_preset=&raquo;default&raquo; text_text_color=&raquo;#000000&#8243; custom_margin=&raquo;||80px|||&raquo; hover_enabled=&raquo;0&#8243; global_colors_info=&raquo;{}&raquo; sticky_enabled=&raquo;0&#8243;]<h2><strong>3.\u00a0 \u00a0 Angrerett<\/strong><\/h2>\n<p><strong><\/strong><\/p>\n<p style=\"padding-left: 40px;\">N\u00e5r du bestiller kurs p\u00e5 KublaKan Utdanning, vil du f\u00e5 et angrerettskjema tilsendt p\u00e5 e-post. Etter angrerettloven har du 14 dagers angrerett etter at du inngikk avtalen. Angrefristen p\u00e5 14 dager gjelder ogs\u00e5 selv om du f\u00e5r avslag p\u00e5 st\u00f8tte fra L\u00e5nekassen.<\/p>\n<p style=\"padding-left: 40px;\">Hvis man kj\u00f8per kurs i eller rett f\u00f8r eksamensperioden, aksepterer man \u00e5 fraskrive seg retten til \u00e5 angre, i henhold til angrerettloven \u00a722.<\/p>[\/et_pb_text][et_pb_text _builder_version=&raquo;4.21.0&#8243; _module_preset=&raquo;default&raquo; text_text_color=&raquo;#000000&#8243; global_colors_info=&raquo;{}&raquo;]<h2><strong>4.\u00a0 \u00a0Avbrudd<\/strong><\/h2>\n<p><strong>\u00a0<\/strong><\/p>\n<h3 style=\"padding-left: 40px;\"><strong>4.1\u00a0 \u00a0Avbrudd<\/strong><\/h3>\n<p style=\"padding-left: 40px;\">Hvis du avbryter skolegangen etter at angrefristen har utl\u00f8pt, m\u00e5 alle skolepengene likevel betales.<\/p>\n<p style=\"padding-left: 40px;\">Ved avbrudd, eller hvis du ikke overholder betalingsvilk\u00e5rene til KublaKan, plikter vi \u00e5 melde fra om det til L\u00e5nekassen.<\/p>\n<h3 style=\"padding-left: 40px;\"><strong><\/strong><\/h3>\n<h3 style=\"padding-left: 40px;\"><strong><\/strong><\/h3>\n<h3 style=\"padding-left: 40px;\"><strong><\/strong><\/h3>\n<h3 style=\"padding-left: 40px;\"><strong>4.2\u00a0 \u00a0Force majeure<\/strong><\/h3>\n<p style=\"padding-left: 40px;\">Dersom du blir n\u00f8dt til \u00e5 avbryte studiene p\u00e5 grunn av alvorlige, uforutsette forhold som gj\u00f8r det umulig eller urimelig tyngende \u00e5 fortsette (for eksempel alvorlig sykdom eller ulykker), m\u00e5 du informere oss skriftlig i l\u00f8pet av 14 dager etter p\u00e5begynt frav\u00e6r, og levere en legeerkl\u00e6ring som bekrefter situasjonen. Du vil da kun bli belastet for undervisningen du allerede har blitt tilbudt.<\/p>[\/et_pb_text][\/et_pb_column][\/et_pb_row][et_pb_row _builder_version=&raquo;4.21.0&#8243; _module_preset=&raquo;default&raquo; global_colors_info=&raquo;{}&raquo;][et_pb_column type=&raquo;4_4&#8243; _builder_version=&raquo;4.21.0&#8243; _module_preset=&raquo;default&raquo; global_colors_info=&raquo;{}&raquo;][et_pb_text _builder_version=&raquo;4.21.0&#8243; _module_preset=&raquo;default&raquo; text_text_color=&raquo;#000000&#8243; global_colors_info=&raquo;{}&raquo;]<h2><strong>5.\u00a0 \u00a0L\u00e5nekassen<\/strong><\/h2>\n<p style=\"padding-left: 40px;\">KublaKan Utdanning er godkjent av L\u00e5nekassen. Du m\u00e5 bestille fag hos KublaKan Utdanning f\u00f8r du kvalifiserer til \u00e5 f\u00e5 st\u00f8tte fra L\u00e5nekassen.<\/p>\n<p style=\"padding-left: 40px;\">N\u00e5r du har betalt det f\u00f8rste avdraget p\u00e5 kursene dine, sender vi bekreftelse til L\u00e5nekassen.<\/p>\n<p style=\"padding-left: 40px;\">Hvor mye st\u00f8tte du kan s\u00f8ke om, beregnes ut fra \u00e5rstimer som tilsvarer timetallet fagene har i offentlig skole.<\/p>\n<p style=\"padding-left: 40px;\">Hvis du ikke f\u00f8lger opp avtalen med KublaKan Utdanning, enten ved ikke \u00e5 betale skolepengene, eller ved ikke \u00e5 jobbe med fagene, plikter vi \u00e5 melde fra om dette til L\u00e5nekassen. Utbetalingene fra L\u00e5nekassen vil da opph\u00f8re. Merk at skolepengene til KublaKan Utdanning likevel m\u00e5 betales, selv om du skulle avbryte skolegangen og ikke lenger f\u00e5 penger fra L\u00e5nekassen.<\/p>[\/et_pb_text][\/et_pb_column][\/et_pb_row][et_pb_row _builder_version=&raquo;4.21.0&#8243; _module_preset=&raquo;default&raquo; global_colors_info=&raquo;{}&raquo;][et_pb_column type=&raquo;4_4&#8243; _builder_version=&raquo;4.21.0&#8243; _module_preset=&raquo;default&raquo; global_colors_info=&raquo;{}&raquo;][et_pb_text _builder_version=&raquo;4.21.0&#8243; _module_preset=&raquo;default&raquo; text_text_color=&raquo;#000000&#8243; global_colors_info=&raquo;{}&raquo;]<h2><strong>6.\u00a0 \u00a0Opphavsrett<\/strong><\/h2>\n<p style=\"padding-left: 40px;\">Undervisningsopplegget som tilbys av KublaKan Utdanning, alts\u00e5 forelesningsvideoer og annet materiale, er beskyttet av opphavsrett og kan ikke kopieres eller distribueres uten tillatelse fra skolen.<\/p>\n<p style=\"padding-left: 40px;\">Undervisningsopplegget er for privat bruk \u2013 det kan kun brukes av deg personlig. Det er forbudt \u00e5 dele passord med andre, selge undervisningsopplegget videre, eller p\u00e5 andre m\u00e5ter bruke det kommersielt. Det er ulovlig og straffbart \u00e5 skaffe seg uautorisert tilgang til undervisningsopplegget, f.eks ved hacking, \u00e5 laste ned videoer, og \u00e5 dele innhold p\u00e5 Internett.<\/p>[\/et_pb_text][et_pb_text _builder_version=&raquo;4.21.0&#8243; _module_preset=&raquo;default&raquo; text_text_color=&raquo;#000000&#8243; global_colors_info=&raquo;{}&raquo;]<h2><strong>7.\u00a0 \u00a0Personvern<\/strong><\/h2>\n<p style=\"padding-left: 40px;\">Skolen vil samle inn og lagre personlig informasjon om deg, inkludert navn, adresse, telefonnummer, e-postadresse og betalingsinformasjon, for \u00e5 gi deg tilgang til tjenestene. Skolen vil beskytte din personlige informasjon i tr\u00e5d med gjeldende personvernlovgivning.<\/p>[\/et_pb_text][et_pb_text _builder_version=&raquo;4.21.0&#8243; _module_preset=&raquo;default&raquo; text_text_color=&raquo;#000000&#8243; global_colors_info=&raquo;{}&raquo;]<h2><strong>8.\u00a0 \u00a0Skolens plikter<\/strong><\/h2>\n<p style=\"padding-left: 40px;\">KublaKan Utdanning har ansvar for innholdet i undervisningsopplegget og for at undervisningsopplegget fungerer slik det skal. KublaKan Utdanning er imidlertid ikke ansvarlig for feil ved internettforbindelsen, eller p\u00e5 enhetene du bruker. Hvis du oppdager feil i undervisningsopplegget, ber vi deg kontakte oss, slik at vi kan utbedre feilen. Oppst\u00e5r det langvarige feil som hindrer deg i \u00e5 bruke KublaKan Utdanning sitt undervisningsopplegget, kan du ha rett til refusjon.<\/p>[\/et_pb_text][et_pb_text _builder_version=&raquo;4.21.0&#8243; _module_preset=&raquo;default&raquo; text_text_color=&raquo;#000000&#8243; global_colors_info=&raquo;{}&raquo;]<h2><strong>9.\u00a0 \u00a0Dine plikter<\/strong><\/h2>\n<p style=\"padding-left: 40px;\">Som elev ved KublaKan Utdanning er det ditt ansvar \u00e5 sette deg inn i skolens avtalevilk\u00e5r, og \u00e5 overholde disse. N\u00e5r du kj\u00f8per kurs eller fag, er du selv ansvarlig for \u00e5 velge riktig kombinasjon av de fagene du trenger for \u00e5 oppn\u00e5 \u00f8nsket kompetanse.<\/p>\n<p style=\"padding-left: 40px;\">F\u00f8r du inng\u00e5r avtale om kj\u00f8p av fag fra KublaKan Utdanning, er det ditt ansvar \u00e5 forsikre deg om at du er kvalifisert til \u00e5 f\u00e5 l\u00e5n eller stipend fra L\u00e5nekassen, dersom du skal finansiere skolepengene med dette. Merk at avslag fra L\u00e5nekassen ikke gir deg fritak fra de ordin\u00e6re oppsigelses- og avbruddsreglene.<\/p>\n<p style=\"padding-left: 40px;\">Som privatist er du selv ansvarlig for \u00e5 melde deg opp til riktig eksamen, og for \u00e5 kontrollere at eksamenene dine ikke faller p\u00e5 samme tidspunkt.<\/p>[\/et_pb_text][\/et_pb_column][\/et_pb_row][\/et_pb_section]\n","protected":false},"excerpt":{"rendered":"<p>KublaKan Utdanning \u2013 vilk\u00e5r for elever1. Generelle bestemmelser 1.1\u00a0 \u00a0Hvem og hva avtalen gjelder Denne avtalen gjelder mellom KublaKan Utdanning og elever som kj\u00f8per kurs ved skolen. KublaKan best\u00e5r av forelesninger p\u00e5 video, og live nettundervisning regelmessig gjennom semesteret. Hvis du som elev skal ta eksamen som privatist, gj\u00f8r du dette p\u00e5 egen h\u00e5nd, i [&hellip;]<\/p>\n","protected":false},"author":4,"featured_media":0,"parent":0,"menu_order":0,"comment_status":"closed","ping_status":"closed","template":"","meta":{"_et_pb_use_builder":"on","_et_pb_old_content":"","_et_gb_content_width":"1080","footnotes":""},"class_list":["post-3770","page","type-page","status-publish","hentry"],"yoast_head":"<!-- This site is optimized with the Yoast SEO Premium plugin v27.4 (Yoast SEO v27.4) - https:\/\/yoast.com\/product\/yoast-seo-premium-wordpress\/ -->\n<title>Betingelser og vilk\u00e5r 15.03.2026 - KublaKan Utdanning<\/title>\n<meta name=\"robots\" content=\"index, follow, max-snippet:-1, max-image-preview:large, max-video-preview:-1\" \/>\n<link rel=\"canonical\" href=\"https:\/\/kublakanutdanning.no\/en\/betingelser-og-vilkar-15-03-2026\/\" \/>\n<meta property=\"og:locale\" content=\"en_US\" \/>\n<meta property=\"og:type\" content=\"article\" \/>\n<meta property=\"og:title\" content=\"Betingelser og vilk\u00e5r 15.03.2026\" \/>\n<meta property=\"og:description\" content=\"KublaKan Utdanning \u2013 vilk\u00e5r for elever1. Generelle bestemmelser 1.1\u00a0 \u00a0Hvem og hva avtalen gjelder Denne avtalen gjelder mellom KublaKan Utdanning og elever som kj\u00f8per kurs ved skolen. KublaKan best\u00e5r av forelesninger p\u00e5 video, og live nettundervisning regelmessig gjennom semesteret. Hvis du som elev skal ta eksamen som privatist, gj\u00f8r du dette p\u00e5 egen h\u00e5nd, i [&hellip;]\" \/>\n<meta property=\"og:url\" content=\"https:\/\/kublakanutdanning.no\/en\/betingelser-og-vilkar-15-03-2026\/\" \/>\n<meta property=\"og:site_name\" content=\"KublaKan Utdanning\" \/>\n<meta property=\"article:publisher\" content=\"https:\/\/www.facebook.com\/KublaKanUtdanning\/\" \/>\n<meta property=\"article:modified_time\" content=\"2026-03-15T10:34:19+00:00\" \/>\n<meta name=\"twitter:card\" content=\"summary_large_image\" \/>\n<meta name=\"twitter:label1\" content=\"Est. reading time\" \/>\n\t<meta name=\"twitter:data1\" content=\"6 minutes\" \/>\n<script type=\"application\/ld+json\" class=\"yoast-schema-graph\">{\"@context\":\"https:\\\/\\\/schema.org\",\"@graph\":[{\"@type\":\"WebPage\",\"@id\":\"https:\\\/\\\/kublakanutdanning.no\\\/betingelser-og-vilkar-15-03-2026\\\/\",\"url\":\"https:\\\/\\\/kublakanutdanning.no\\\/betingelser-og-vilkar-15-03-2026\\\/\",\"name\":\"Betingelser og vilk\u00e5r 15.03.2026 - KublaKan Utdanning\",\"isPartOf\":{\"@id\":\"\\\/#website\"},\"datePublished\":\"2023-06-21T19:57:45+00:00\",\"dateModified\":\"2026-03-15T10:34:19+00:00\",\"breadcrumb\":{\"@id\":\"https:\\\/\\\/kublakanutdanning.no\\\/betingelser-og-vilkar-15-03-2026\\\/#breadcrumb\"},\"inLanguage\":\"en-US\",\"potentialAction\":[{\"@type\":\"ReadAction\",\"target\":[\"https:\\\/\\\/kublakanutdanning.no\\\/betingelser-og-vilkar-15-03-2026\\\/\"]}]},{\"@type\":\"BreadcrumbList\",\"@id\":\"https:\\\/\\\/kublakanutdanning.no\\\/betingelser-og-vilkar-15-03-2026\\\/#breadcrumb\",\"itemListElement\":[{\"@type\":\"ListItem\",\"position\":1,\"name\":\"Home\",\"item\":\"https:\\\/\\\/kublakanutdanning.no\\\/\"},{\"@type\":\"ListItem\",\"position\":2,\"name\":\"Betingelser og vilk\u00e5r 15.03.2026\"}]},{\"@type\":\"WebSite\",\"@id\":\"\\\/#website\",\"url\":\"\\\/\",\"name\":\"KublaKan Utdanning\",\"description\":\"Nettundervisning for elever og privatister\",\"potentialAction\":[{\"@type\":\"SearchAction\",\"target\":{\"@type\":\"EntryPoint\",\"urlTemplate\":\"\\\/?s={search_term_string}\"},\"query-input\":{\"@type\":\"PropertyValueSpecification\",\"valueRequired\":true,\"valueName\":\"search_term_string\"}}],\"inLanguage\":\"en-US\"}]}<\/script>\n<!-- \/ Yoast SEO Premium plugin. -->","yoast_head_json":{"title":"Betingelser og vilk\u00e5r 15.03.2026 - KublaKan Utdanning","robots":{"index":"index","follow":"follow","max-snippet":"max-snippet:-1","max-image-preview":"max-image-preview:large","max-video-preview":"max-video-preview:-1"},"canonical":"https:\/\/kublakanutdanning.no\/en\/betingelser-og-vilkar-15-03-2026\/","og_locale":"en_US","og_type":"article","og_title":"Betingelser og vilk\u00e5r 15.03.2026","og_description":"KublaKan Utdanning \u2013 vilk\u00e5r for elever1. Generelle bestemmelser 1.1\u00a0 \u00a0Hvem og hva avtalen gjelder Denne avtalen gjelder mellom KublaKan Utdanning og elever som kj\u00f8per kurs ved skolen. KublaKan best\u00e5r av forelesninger p\u00e5 video, og live nettundervisning regelmessig gjennom semesteret. Hvis du som elev skal ta eksamen som privatist, gj\u00f8r du dette p\u00e5 egen h\u00e5nd, i [&hellip;]","og_url":"https:\/\/kublakanutdanning.no\/en\/betingelser-og-vilkar-15-03-2026\/","og_site_name":"KublaKan Utdanning","article_publisher":"https:\/\/www.facebook.com\/KublaKanUtdanning\/","article_modified_time":"2026-03-15T10:34:19+00:00","twitter_card":"summary_large_image","twitter_misc":{"Est. reading time":"6 minutes"},"schema":{"@context":"https:\/\/schema.org","@graph":[{"@type":"WebPage","@id":"https:\/\/kublakanutdanning.no\/betingelser-og-vilkar-15-03-2026\/","url":"https:\/\/kublakanutdanning.no\/betingelser-og-vilkar-15-03-2026\/","name":"Betingelser og vilk\u00e5r 15.03.2026 - KublaKan Utdanning","isPartOf":{"@id":"\/#website"},"datePublished":"2023-06-21T19:57:45+00:00","dateModified":"2026-03-15T10:34:19+00:00","breadcrumb":{"@id":"https:\/\/kublakanutdanning.no\/betingelser-og-vilkar-15-03-2026\/#breadcrumb"},"inLanguage":"en-US","potentialAction":[{"@type":"ReadAction","target":["https:\/\/kublakanutdanning.no\/betingelser-og-vilkar-15-03-2026\/"]}]},{"@type":"BreadcrumbList","@id":"https:\/\/kublakanutdanning.no\/betingelser-og-vilkar-15-03-2026\/#breadcrumb","itemListElement":[{"@type":"ListItem","position":1,"name":"Home","item":"https:\/\/kublakanutdanning.no\/"},{"@type":"ListItem","position":2,"name":"Betingelser og vilk\u00e5r 15.03.2026"}]},{"@type":"WebSite","@id":"\/#website","url":"\/","name":"KublaKan Utdanning","description":"Nettundervisning for elever og privatister","potentialAction":[{"@type":"SearchAction","target":{"@type":"EntryPoint","urlTemplate":"\/?s={search_term_string}"},"query-input":{"@type":"PropertyValueSpecification","valueRequired":true,"valueName":"search_term_string"}}],"inLanguage":"en-US"}]}},"_links":{"self":[{"href":"https:\/\/kublakanutdanning.no\/en\/wp-json\/wp\/v2\/pages\/3770","targetHints":{"allow":["GET"]}}],"collection":[{"href":"https:\/\/kublakanutdanning.no\/en\/wp-json\/wp\/v2\/pages"}],"about":[{"href":"https:\/\/kublakanutdanning.no\/en\/wp-json\/wp\/v2\/types\/page"}],"author":[{"embeddable":true,"href":"https:\/\/kublakanutdanning.no\/en\/wp-json\/wp\/v2\/users\/4"}],"replies":[{"embeddable":true,"href":"https:\/\/kublakanutdanning.no\/en\/wp-json\/wp\/v2\/comments?post=3770"}],"version-history":[{"count":20,"href":"https:\/\/kublakanutdanning.no\/en\/wp-json\/wp\/v2\/pages\/3770\/revisions"}],"predecessor-version":[{"id":266791,"href":"https:\/\/kublakanutdanning.no\/en\/wp-json\/wp\/v2\/pages\/3770\/revisions\/266791"}],"wp:attachment":[{"href":"https:\/\/kublakanutdanning.no\/en\/wp-json\/wp\/v2\/media?parent=3770"}],"curies":[{"name":"wp","href":"https:\/\/api.w.org\/{rel}","templated":true}]}}