{"id":2562,"date":"2023-06-03T14:35:32","date_gmt":"2023-06-03T14:35:32","guid":{"rendered":"https:\/\/kublakanutdanning.no\/?post_type=product&#038;p=2562"},"modified":"2026-03-28T18:54:03","modified_gmt":"2026-03-28T18:54:03","slug":"labkurs-naturfag","status":"publish","type":"product","link":"https:\/\/kublakanutdanning.no\/en\/product\/labkurs-naturfag\/","title":{"rendered":"Labkurs &#8211; naturfag"},"content":{"rendered":"<p>[et_pb_section fb_built=&raquo;1&#8243; _builder_version=&raquo;4.16&#8243; custom_padding=&raquo;0px||||false|false&raquo; da_disable_devices=&raquo;off|off|off&raquo; collapsed=&raquo;on&raquo; global_colors_info=&raquo;{}&raquo; da_is_popup=&raquo;off&raquo; da_exit_intent=&raquo;off&raquo; da_has_close=&raquo;on&raquo; da_alt_close=&raquo;off&raquo; da_dark_close=&raquo;off&raquo; da_not_modal=&raquo;on&raquo; da_is_singular=&raquo;off&raquo; da_with_loader=&raquo;off&raquo; da_has_shadow=&raquo;on&raquo;][et_pb_row _builder_version=&raquo;4.16&#8243; background_size=&raquo;initial&raquo; background_position=&raquo;top_left&raquo; background_repeat=&raquo;repeat&raquo; width=&raquo;100%&raquo; custom_padding=&raquo;0px||0px||false|false&raquo; global_colors_info=&raquo;{}&raquo;][et_pb_column type=&raquo;4_4&#8243; _builder_version=&raquo;4.16&#8243; custom_padding=&raquo;|||&raquo; global_colors_info=&raquo;{}&raquo; custom_padding__hover=&raquo;|||&raquo;][et_pb_wc_breadcrumb _builder_version=&raquo;4.16&#8243; global_colors_info=&raquo;{}&raquo;][\/et_pb_wc_breadcrumb][et_pb_wc_cart_notice _builder_version=&raquo;4.16&#8243; global_colors_info=&raquo;{}&raquo;][\/et_pb_wc_cart_notice][\/et_pb_column][\/et_pb_row][et_pb_row column_structure=&raquo;1_2,1_2&#8243; _builder_version=&raquo;4.16&#8243; background_size=&raquo;initial&raquo; background_position=&raquo;top_left&raquo; background_repeat=&raquo;repeat&raquo; width=&raquo;100%&raquo; custom_padding=&raquo;0px||||false|false&raquo; global_colors_info=&raquo;{}&raquo;][et_pb_column type=&raquo;1_2&#8243; _builder_version=&raquo;4.16&#8243; custom_padding=&raquo;|||&raquo; global_colors_info=&raquo;{}&raquo; custom_padding__hover=&raquo;|||&raquo;][et_pb_wc_images _builder_version=&raquo;4.16&#8243; global_colors_info=&raquo;{}&raquo;][\/et_pb_wc_images][\/et_pb_column][et_pb_column type=&raquo;1_2&#8243; _builder_version=&raquo;4.16&#8243; custom_padding=&raquo;|||&raquo; global_colors_info=&raquo;{}&raquo; custom_padding__hover=&raquo;|||&raquo;][et_pb_wc_title _builder_version=&raquo;4.16&#8243; global_colors_info=&raquo;{}&raquo;][\/et_pb_wc_title][et_pb_wc_rating _builder_version=&raquo;4.16&#8243; global_colors_info=&raquo;{}&raquo;][\/et_pb_wc_rating][et_pb_wc_price _builder_version=&raquo;4.16&#8243; global_colors_info=&raquo;{}&raquo;][\/et_pb_wc_price][et_pb_wc_description _builder_version=&raquo;4.16&#8243; global_colors_info=&raquo;{}&raquo;][\/et_pb_wc_description][et_pb_wc_add_to_cart _builder_version=&raquo;4.16&#8243; global_colors_info=&raquo;{}&raquo;][\/et_pb_wc_add_to_cart][et_pb_wc_meta _builder_version=&raquo;4.16&#8243; global_colors_info=&raquo;{}&raquo;][\/et_pb_wc_meta][\/et_pb_column][\/et_pb_row][et_pb_row _builder_version=&raquo;4.16&#8243; background_size=&raquo;initial&raquo; background_position=&raquo;top_left&raquo; background_repeat=&raquo;repeat&raquo; width=&raquo;100%&raquo; global_colors_info=&raquo;{}&raquo;][et_pb_column type=&raquo;4_4&#8243; _builder_version=&raquo;4.16&#8243; custom_padding=&raquo;|||&raquo; global_colors_info=&raquo;{}&raquo; custom_padding__hover=&raquo;|||&raquo;][et_pb_wc_tabs _builder_version=&raquo;4.16&#8243; global_colors_info=&raquo;{}&raquo;] [\/et_pb_wc_tabs][et_pb_wc_upsells _builder_version=&raquo;4.16&#8243; global_colors_info=&raquo;{}&raquo;][\/et_pb_wc_upsells][et_pb_wc_related_products _builder_version=&raquo;4.16&#8243; global_colors_info=&raquo;{}&raquo;][\/et_pb_wc_related_products][\/et_pb_column][\/et_pb_row][\/et_pb_section]<\/p>\n","protected":false},"excerpt":{"rendered":"","protected":false},"featured_media":263723,"comment_status":"closed","ping_status":"closed","template":"","meta":{"_et_pb_use_builder":"on","_et_pb_old_content":"Labkurs for naturfag.","_et_gb_content_width":""},"product_brand":[],"product_cat":[16],"product_tag":[],"class_list":{"0":"post-2562","1":"product","2":"type-product","3":"status-publish","4":"has-post-thumbnail","6":"product_cat-uncategorized","8":"first","9":"instock","10":"virtual","11":"sold-individually","12":"purchasable","13":"product-type-course"},"yoast_head":"<!-- This site is optimized with the Yoast SEO Premium plugin v27.3 (Yoast SEO v27.3) - https:\/\/yoast.com\/product\/yoast-seo-premium-wordpress\/ -->\n<title>Labkurs - naturfag - KublaKan Utdanning<\/title>\n<meta name=\"description\" content=\"Labkurs for naturfag. Alle fors\u00f8kene du beh\u00f8ver til eksamen forklart i videoforelesninger. Grundig lab-hefte f\u00f8lger med.\" \/>\n<meta name=\"robots\" content=\"index, follow, max-snippet:-1, max-image-preview:large, max-video-preview:-1\" \/>\n<link rel=\"canonical\" href=\"https:\/\/kublakanutdanning.no\/en\/product\/labkurs-naturfag\/\" \/>\n<meta property=\"og:locale\" content=\"en_US\" \/>\n<meta property=\"og:type\" content=\"article\" \/>\n<meta property=\"og:title\" content=\"Labkurs - naturfag\" \/>\n<meta property=\"og:description\" content=\"Labkurs for naturfag. Alle fors\u00f8kene du beh\u00f8ver til eksamen forklart i videoforelesninger. Grundig lab-hefte f\u00f8lger med.\" \/>\n<meta property=\"og:url\" content=\"https:\/\/kublakanutdanning.no\/en\/product\/labkurs-naturfag\/\" \/>\n<meta property=\"og:site_name\" content=\"KublaKan Utdanning\" \/>\n<meta property=\"article:publisher\" content=\"https:\/\/www.facebook.com\/KublaKanUtdanning\/\" \/>\n<meta property=\"article:modified_time\" content=\"2026-03-28T18:54:03+00:00\" \/>\n<meta property=\"og:image\" content=\"https:\/\/kublakanutdanning.no\/wp-content\/uploads\/2023\/06\/Woo-Product-image-Labkurs-naturfag-kjemikalier.jpg\" \/>\n\t<meta property=\"og:image:width\" content=\"1080\" \/>\n\t<meta property=\"og:image:height\" content=\"1080\" \/>\n\t<meta property=\"og:image:type\" content=\"image\/jpeg\" \/>\n<meta name=\"twitter:card\" content=\"summary_large_image\" \/>\n<meta name=\"twitter:label1\" content=\"Est. reading time\" \/>\n\t<meta name=\"twitter:data1\" content=\"1 minute\" \/>\n<script type=\"application\/ld+json\" class=\"yoast-schema-graph\">{\"@context\":\"https:\\\/\\\/schema.org\",\"@graph\":[{\"@type\":\"WebPage\",\"@id\":\"https:\\\/\\\/kublakanutdanning.no\\\/produkt\\\/labkurs-naturfag\\\/\",\"url\":\"https:\\\/\\\/kublakanutdanning.no\\\/produkt\\\/labkurs-naturfag\\\/\",\"name\":\"Labkurs - naturfag - KublaKan Utdanning\",\"isPartOf\":{\"@id\":\"\\\/#website\"},\"primaryImageOfPage\":{\"@id\":\"https:\\\/\\\/kublakanutdanning.no\\\/produkt\\\/labkurs-naturfag\\\/#primaryimage\"},\"image\":{\"@id\":\"https:\\\/\\\/kublakanutdanning.no\\\/produkt\\\/labkurs-naturfag\\\/#primaryimage\"},\"thumbnailUrl\":\"https:\\\/\\\/kublakanutdanning.no\\\/wp-content\\\/uploads\\\/2023\\\/06\\\/Woo-Product-image-Labkurs-naturfag-kjemikalier.jpg\",\"datePublished\":\"2023-06-03T14:35:32+00:00\",\"dateModified\":\"2026-03-28T18:54:03+00:00\",\"description\":\"Labkurs for naturfag. Alle fors\u00f8kene du beh\u00f8ver til eksamen forklart i videoforelesninger. Grundig lab-hefte f\u00f8lger med.\",\"breadcrumb\":{\"@id\":\"https:\\\/\\\/kublakanutdanning.no\\\/produkt\\\/labkurs-naturfag\\\/#breadcrumb\"},\"inLanguage\":\"en-US\",\"potentialAction\":[{\"@type\":\"ReadAction\",\"target\":[\"https:\\\/\\\/kublakanutdanning.no\\\/produkt\\\/labkurs-naturfag\\\/\"]}]},{\"@type\":\"ImageObject\",\"inLanguage\":\"en-US\",\"@id\":\"https:\\\/\\\/kublakanutdanning.no\\\/produkt\\\/labkurs-naturfag\\\/#primaryimage\",\"url\":\"https:\\\/\\\/kublakanutdanning.no\\\/wp-content\\\/uploads\\\/2023\\\/06\\\/Woo-Product-image-Labkurs-naturfag-kjemikalier.jpg\",\"contentUrl\":\"https:\\\/\\\/kublakanutdanning.no\\\/wp-content\\\/uploads\\\/2023\\\/06\\\/Woo-Product-image-Labkurs-naturfag-kjemikalier.jpg\",\"width\":1080,\"height\":1080},{\"@type\":\"BreadcrumbList\",\"@id\":\"https:\\\/\\\/kublakanutdanning.no\\\/produkt\\\/labkurs-naturfag\\\/#breadcrumb\",\"itemListElement\":[{\"@type\":\"ListItem\",\"position\":1,\"name\":\"Home\",\"item\":\"https:\\\/\\\/kublakanutdanning.no\\\/\"},{\"@type\":\"ListItem\",\"position\":2,\"name\":\"Labkurs &#8211; naturfag\"}]},{\"@type\":\"WebSite\",\"@id\":\"\\\/#website\",\"url\":\"\\\/\",\"name\":\"KublaKan Utdanning\",\"description\":\"Nettundervisning for elever og privatister\",\"potentialAction\":[{\"@type\":\"SearchAction\",\"target\":{\"@type\":\"EntryPoint\",\"urlTemplate\":\"\\\/?s={search_term_string}\"},\"query-input\":{\"@type\":\"PropertyValueSpecification\",\"valueRequired\":true,\"valueName\":\"search_term_string\"}}],\"inLanguage\":\"en-US\"}]}<\/script>\n<!-- \/ Yoast SEO Premium plugin. -->","yoast_head_json":{"title":"Labkurs - naturfag - KublaKan Utdanning","description":"Labkurs for naturfag. Alle fors\u00f8kene du beh\u00f8ver til eksamen forklart i videoforelesninger. Grundig lab-hefte f\u00f8lger med.","robots":{"index":"index","follow":"follow","max-snippet":"max-snippet:-1","max-image-preview":"max-image-preview:large","max-video-preview":"max-video-preview:-1"},"canonical":"https:\/\/kublakanutdanning.no\/en\/product\/labkurs-naturfag\/","og_locale":"en_US","og_type":"article","og_title":"Labkurs - naturfag","og_description":"Labkurs for naturfag. Alle fors\u00f8kene du beh\u00f8ver til eksamen forklart i videoforelesninger. Grundig lab-hefte f\u00f8lger med.","og_url":"https:\/\/kublakanutdanning.no\/en\/product\/labkurs-naturfag\/","og_site_name":"KublaKan Utdanning","article_publisher":"https:\/\/www.facebook.com\/KublaKanUtdanning\/","article_modified_time":"2026-03-28T18:54:03+00:00","og_image":[{"width":1080,"height":1080,"url":"https:\/\/kublakanutdanning.no\/wp-content\/uploads\/2023\/06\/Woo-Product-image-Labkurs-naturfag-kjemikalier.jpg","type":"image\/jpeg"}],"twitter_card":"summary_large_image","twitter_misc":{"Est. reading time":"1 minute"},"schema":{"@context":"https:\/\/schema.org","@graph":[{"@type":"WebPage","@id":"https:\/\/kublakanutdanning.no\/produkt\/labkurs-naturfag\/","url":"https:\/\/kublakanutdanning.no\/produkt\/labkurs-naturfag\/","name":"Labkurs - naturfag - KublaKan Utdanning","isPartOf":{"@id":"\/#website"},"primaryImageOfPage":{"@id":"https:\/\/kublakanutdanning.no\/produkt\/labkurs-naturfag\/#primaryimage"},"image":{"@id":"https:\/\/kublakanutdanning.no\/produkt\/labkurs-naturfag\/#primaryimage"},"thumbnailUrl":"https:\/\/kublakanutdanning.no\/wp-content\/uploads\/2023\/06\/Woo-Product-image-Labkurs-naturfag-kjemikalier.jpg","datePublished":"2023-06-03T14:35:32+00:00","dateModified":"2026-03-28T18:54:03+00:00","description":"Labkurs for naturfag. Alle fors\u00f8kene du beh\u00f8ver til eksamen forklart i videoforelesninger. Grundig lab-hefte f\u00f8lger med.","breadcrumb":{"@id":"https:\/\/kublakanutdanning.no\/produkt\/labkurs-naturfag\/#breadcrumb"},"inLanguage":"en-US","potentialAction":[{"@type":"ReadAction","target":["https:\/\/kublakanutdanning.no\/produkt\/labkurs-naturfag\/"]}]},{"@type":"ImageObject","inLanguage":"en-US","@id":"https:\/\/kublakanutdanning.no\/produkt\/labkurs-naturfag\/#primaryimage","url":"https:\/\/kublakanutdanning.no\/wp-content\/uploads\/2023\/06\/Woo-Product-image-Labkurs-naturfag-kjemikalier.jpg","contentUrl":"https:\/\/kublakanutdanning.no\/wp-content\/uploads\/2023\/06\/Woo-Product-image-Labkurs-naturfag-kjemikalier.jpg","width":1080,"height":1080},{"@type":"BreadcrumbList","@id":"https:\/\/kublakanutdanning.no\/produkt\/labkurs-naturfag\/#breadcrumb","itemListElement":[{"@type":"ListItem","position":1,"name":"Home","item":"https:\/\/kublakanutdanning.no\/"},{"@type":"ListItem","position":2,"name":"Labkurs &#8211; naturfag"}]},{"@type":"WebSite","@id":"\/#website","url":"\/","name":"KublaKan Utdanning","description":"Nettundervisning for elever og privatister","potentialAction":[{"@type":"SearchAction","target":{"@type":"EntryPoint","urlTemplate":"\/?s={search_term_string}"},"query-input":{"@type":"PropertyValueSpecification","valueRequired":true,"valueName":"search_term_string"}}],"inLanguage":"en-US"}]}},"_links":{"self":[{"href":"https:\/\/kublakanutdanning.no\/en\/wp-json\/wp\/v2\/product\/2562","targetHints":{"allow":["GET"]}}],"collection":[{"href":"https:\/\/kublakanutdanning.no\/en\/wp-json\/wp\/v2\/product"}],"about":[{"href":"https:\/\/kublakanutdanning.no\/en\/wp-json\/wp\/v2\/types\/product"}],"replies":[{"embeddable":true,"href":"https:\/\/kublakanutdanning.no\/en\/wp-json\/wp\/v2\/comments?post=2562"}],"wp:featuredmedia":[{"embeddable":true,"href":"https:\/\/kublakanutdanning.no\/en\/wp-json\/wp\/v2\/media\/263723"}],"wp:attachment":[{"href":"https:\/\/kublakanutdanning.no\/en\/wp-json\/wp\/v2\/media?parent=2562"}],"wp:term":[{"taxonomy":"product_brand","embeddable":true,"href":"https:\/\/kublakanutdanning.no\/en\/wp-json\/wp\/v2\/product_brand?post=2562"},{"taxonomy":"product_cat","embeddable":true,"href":"https:\/\/kublakanutdanning.no\/en\/wp-json\/wp\/v2\/product_cat?post=2562"},{"taxonomy":"product_tag","embeddable":true,"href":"https:\/\/kublakanutdanning.no\/en\/wp-json\/wp\/v2\/product_tag?post=2562"}],"curies":[{"name":"wp","href":"https:\/\/api.w.org\/{rel}","templated":true}]}}